{"id":980,"date":"2017-09-15T19:33:38","date_gmt":"2017-09-15T17:33:38","guid":{"rendered":"https:\/\/matelotvert.fr\/?post_type=product&#038;p=980"},"modified":"2026-01-21T21:30:13","modified_gmt":"2026-01-21T19:30:13","slug":"applique-ouessant-chene","status":"publish","type":"product","link":"https:\/\/matelotvert.fr\/en\/product\/applique-ouessant-chene\/","title":{"rendered":"Ouessant Oak wall lamp"},"content":{"rendered":"<p>The Ouessant Art Deco style wall light is designed and manufactured in France, in our Marseille workshop.<\/p>\n<p>Each product is handcrafted, which gives it a unique character. The subtle mix of materials such as wood and Plexiglas\u00ae bring authenticity and modernity to the design.<\/p>\n<p>The electrical components that make up this lamp are CE certified.<\/p>\n<p>Douille G9, 2 x ampoule LED 3.5W fournie (2 x 7W maxi).<\/p>","protected":false},"excerpt":{"rendered":"<p style=\"text-align: center\">Art Deco style wall light, wood &amp; Plexiglas\u00ae,<\/p>\n<p style=\"text-align: center\">Made in France<\/p>","protected":false},"featured_media":4331,"comment_status":"open","ping_status":"closed","template":"","meta":[],"product_brand":[],"product_cat":[71,69],"product_tag":[],"class_list":{"0":"post-980","1":"product","2":"type-product","3":"status-publish","4":"has-post-thumbnail","6":"product_cat-applique","7":"product_cat-luminaire","9":"first","10":"instock","11":"shipping-taxable","12":"purchasable","13":"product-type-simple"},"yoast_head":"<!-- This site is optimized with the Yoast SEO plugin v26.4 - https:\/\/yoast.com\/wordpress\/plugins\/seo\/ -->\n<title>Applique style Art D\u00e9co - Fabrication Fran\u00e7aise | Matelot Vert<\/title>\n<meta name=\"description\" content=\"Applique murale style Art Deco, finiton Ch\u00eane, bois &amp; plexiglas, Fabrication Fran\u00e7aise Matelot Vert Applique Ouessant Ch\u00eane |\" \/>\n<meta name=\"robots\" content=\"index, follow, max-snippet:-1, max-image-preview:large, max-video-preview:-1\" \/>\n<link rel=\"canonical\" href=\"https:\/\/matelotvert.fr\/en\/product\/applique-ouessant-chene\/\" \/>\n<meta property=\"og:locale\" content=\"en_GB\" \/>\n<meta property=\"og:type\" content=\"article\" \/>\n<meta property=\"og:title\" content=\"Applique style Art D\u00e9co - Fabrication Fran\u00e7aise | Matelot Vert\" \/>\n<meta property=\"og:description\" content=\"Applique murale style Art Deco, finiton Ch\u00eane, bois &amp; plexiglas, Fabrication Fran\u00e7aise Matelot Vert Applique Ouessant Ch\u00eane |\" \/>\n<meta property=\"og:url\" content=\"https:\/\/matelotvert.fr\/en\/product\/applique-ouessant-chene\/\" \/>\n<meta property=\"og:site_name\" content=\"Matelot Vert\" \/>\n<meta property=\"article:publisher\" content=\"https:\/\/www.facebook.com\/matelotvert\/\" \/>\n<meta property=\"article:modified_time\" content=\"2026-01-21T19:30:13+00:00\" \/>\n<meta property=\"og:image\" content=\"https:\/\/matelotvert.fr\/wp-content\/uploads\/2017\/09\/APPLIQUE_MURALE_OUESSANT_CHENE_01.jpg\" \/>\n\t<meta property=\"og:image:width\" content=\"1020\" \/>\n\t<meta property=\"og:image:height\" content=\"1200\" \/>\n\t<meta property=\"og:image:type\" content=\"image\/jpeg\" \/>\n<meta name=\"twitter:card\" content=\"summary_large_image\" \/>\n<meta name=\"twitter:label1\" content=\"Estimated reading time\" \/>\n\t<meta name=\"twitter:data1\" content=\"1 minute\" \/>\n<script type=\"application\/ld+json\" class=\"yoast-schema-graph\">{\"@context\":\"https:\/\/schema.org\",\"@graph\":[{\"@type\":\"WebPage\",\"@id\":\"https:\/\/matelotvert.fr\/produit\/applique-ouessant-chene\/\",\"url\":\"https:\/\/matelotvert.fr\/produit\/applique-ouessant-chene\/\",\"name\":\"Applique style Art D\u00e9co - Fabrication Fran\u00e7aise | Matelot Vert\",\"isPartOf\":{\"@id\":\"https:\/\/matelotvert.fr\/#website\"},\"primaryImageOfPage\":{\"@id\":\"https:\/\/matelotvert.fr\/produit\/applique-ouessant-chene\/#primaryimage\"},\"image\":{\"@id\":\"https:\/\/matelotvert.fr\/produit\/applique-ouessant-chene\/#primaryimage\"},\"thumbnailUrl\":\"https:\/\/matelotvert.fr\/wp-content\/uploads\/2017\/09\/APPLIQUE_MURALE_OUESSANT_CHENE_01.jpg\",\"datePublished\":\"2017-09-15T17:33:38+00:00\",\"dateModified\":\"2026-01-21T19:30:13+00:00\",\"description\":\"Applique murale style Art Deco, finiton Ch\u00eane, bois & plexiglas, Fabrication Fran\u00e7aise Matelot Vert Applique Ouessant Ch\u00eane |\",\"breadcrumb\":{\"@id\":\"https:\/\/matelotvert.fr\/produit\/applique-ouessant-chene\/#breadcrumb\"},\"inLanguage\":\"en-GB\",\"potentialAction\":[{\"@type\":\"ReadAction\",\"target\":[\"https:\/\/matelotvert.fr\/produit\/applique-ouessant-chene\/\"]}]},{\"@type\":\"ImageObject\",\"inLanguage\":\"en-GB\",\"@id\":\"https:\/\/matelotvert.fr\/produit\/applique-ouessant-chene\/#primaryimage\",\"url\":\"https:\/\/matelotvert.fr\/wp-content\/uploads\/2017\/09\/APPLIQUE_MURALE_OUESSANT_CHENE_01.jpg\",\"contentUrl\":\"https:\/\/matelotvert.fr\/wp-content\/uploads\/2017\/09\/APPLIQUE_MURALE_OUESSANT_CHENE_01.jpg\",\"width\":1020,\"height\":1200},{\"@type\":\"BreadcrumbList\",\"@id\":\"https:\/\/matelotvert.fr\/produit\/applique-ouessant-chene\/#breadcrumb\",\"itemListElement\":[{\"@type\":\"ListItem\",\"position\":1,\"name\":\"Accueil\",\"item\":\"https:\/\/matelotvert.fr\/\"},{\"@type\":\"ListItem\",\"position\":2,\"name\":\"Products\",\"item\":\"https:\/\/matelotvert.fr\/en\/shop\/\"},{\"@type\":\"ListItem\",\"position\":3,\"name\":\"Applique Ouessant Ch\u00eane\"}]},{\"@type\":\"WebSite\",\"@id\":\"https:\/\/matelotvert.fr\/#website\",\"url\":\"https:\/\/matelotvert.fr\/\",\"name\":\"Matelot Vert\",\"description\":\"la d\u00e9co made in Marseille\",\"publisher\":{\"@id\":\"https:\/\/matelotvert.fr\/#organization\"},\"potentialAction\":[{\"@type\":\"SearchAction\",\"target\":{\"@type\":\"EntryPoint\",\"urlTemplate\":\"https:\/\/matelotvert.fr\/?s={search_term_string}\"},\"query-input\":{\"@type\":\"PropertyValueSpecification\",\"valueRequired\":true,\"valueName\":\"search_term_string\"}}],\"inLanguage\":\"en-GB\"},{\"@type\":\"Organization\",\"@id\":\"https:\/\/matelotvert.fr\/#organization\",\"name\":\"Matelot Vert\",\"url\":\"https:\/\/matelotvert.fr\/\",\"logo\":{\"@type\":\"ImageObject\",\"inLanguage\":\"en-GB\",\"@id\":\"https:\/\/matelotvert.fr\/#\/schema\/logo\/image\/\",\"url\":\"https:\/\/matelotvert.fr\/wp-content\/uploads\/2017\/05\/LOGO_MV.png\",\"contentUrl\":\"https:\/\/matelotvert.fr\/wp-content\/uploads\/2017\/05\/LOGO_MV.png\",\"width\":2370,\"height\":591,\"caption\":\"Matelot Vert\"},\"image\":{\"@id\":\"https:\/\/matelotvert.fr\/#\/schema\/logo\/image\/\"},\"sameAs\":[\"https:\/\/www.facebook.com\/matelotvert\/\",\"https:\/\/www.instagram.com\/matelotvert\/\",\"https:\/\/www.pinterest.fr\/matelotvert\/\"]}]}<\/script>\n<!-- \/ Yoast SEO plugin. -->","yoast_head_json":{"title":"Applique style Art D\u00e9co - Fabrication Fran\u00e7aise | Matelot Vert","description":"Applique murale style Art Deco, finiton Ch\u00eane, bois & plexiglas, Fabrication Fran\u00e7aise Matelot Vert Applique Ouessant Ch\u00eane |","robots":{"index":"index","follow":"follow","max-snippet":"max-snippet:-1","max-image-preview":"max-image-preview:large","max-video-preview":"max-video-preview:-1"},"canonical":"https:\/\/matelotvert.fr\/en\/product\/applique-ouessant-chene\/","og_locale":"en_GB","og_type":"article","og_title":"Applique style Art D\u00e9co - Fabrication Fran\u00e7aise | Matelot Vert","og_description":"Applique murale style Art Deco, finiton Ch\u00eane, bois & plexiglas, Fabrication Fran\u00e7aise Matelot Vert Applique Ouessant Ch\u00eane |","og_url":"https:\/\/matelotvert.fr\/en\/product\/applique-ouessant-chene\/","og_site_name":"Matelot Vert","article_publisher":"https:\/\/www.facebook.com\/matelotvert\/","article_modified_time":"2026-01-21T19:30:13+00:00","og_image":[{"width":1020,"height":1200,"url":"https:\/\/matelotvert.fr\/wp-content\/uploads\/2017\/09\/APPLIQUE_MURALE_OUESSANT_CHENE_01.jpg","type":"image\/jpeg"}],"twitter_card":"summary_large_image","twitter_misc":{"Estimated reading time":"1 minute"},"schema":{"@context":"https:\/\/schema.org","@graph":[{"@type":"WebPage","@id":"https:\/\/matelotvert.fr\/produit\/applique-ouessant-chene\/","url":"https:\/\/matelotvert.fr\/produit\/applique-ouessant-chene\/","name":"Applique style Art D\u00e9co - Fabrication Fran\u00e7aise | Matelot Vert","isPartOf":{"@id":"https:\/\/matelotvert.fr\/#website"},"primaryImageOfPage":{"@id":"https:\/\/matelotvert.fr\/produit\/applique-ouessant-chene\/#primaryimage"},"image":{"@id":"https:\/\/matelotvert.fr\/produit\/applique-ouessant-chene\/#primaryimage"},"thumbnailUrl":"https:\/\/matelotvert.fr\/wp-content\/uploads\/2017\/09\/APPLIQUE_MURALE_OUESSANT_CHENE_01.jpg","datePublished":"2017-09-15T17:33:38+00:00","dateModified":"2026-01-21T19:30:13+00:00","description":"Applique murale style Art Deco, finiton Ch\u00eane, bois & plexiglas, Fabrication Fran\u00e7aise Matelot Vert Applique Ouessant Ch\u00eane |","breadcrumb":{"@id":"https:\/\/matelotvert.fr\/produit\/applique-ouessant-chene\/#breadcrumb"},"inLanguage":"en-GB","potentialAction":[{"@type":"ReadAction","target":["https:\/\/matelotvert.fr\/produit\/applique-ouessant-chene\/"]}]},{"@type":"ImageObject","inLanguage":"en-GB","@id":"https:\/\/matelotvert.fr\/produit\/applique-ouessant-chene\/#primaryimage","url":"https:\/\/matelotvert.fr\/wp-content\/uploads\/2017\/09\/APPLIQUE_MURALE_OUESSANT_CHENE_01.jpg","contentUrl":"https:\/\/matelotvert.fr\/wp-content\/uploads\/2017\/09\/APPLIQUE_MURALE_OUESSANT_CHENE_01.jpg","width":1020,"height":1200},{"@type":"BreadcrumbList","@id":"https:\/\/matelotvert.fr\/produit\/applique-ouessant-chene\/#breadcrumb","itemListElement":[{"@type":"ListItem","position":1,"name":"Accueil","item":"https:\/\/matelotvert.fr\/"},{"@type":"ListItem","position":2,"name":"Products","item":"https:\/\/matelotvert.fr\/en\/shop\/"},{"@type":"ListItem","position":3,"name":"Applique Ouessant Ch\u00eane"}]},{"@type":"WebSite","@id":"https:\/\/matelotvert.fr\/#website","url":"https:\/\/matelotvert.fr\/","name":"Matelot Vert","description":"la d\u00e9co made in Marseille","publisher":{"@id":"https:\/\/matelotvert.fr\/#organization"},"potentialAction":[{"@type":"SearchAction","target":{"@type":"EntryPoint","urlTemplate":"https:\/\/matelotvert.fr\/?s={search_term_string}"},"query-input":{"@type":"PropertyValueSpecification","valueRequired":true,"valueName":"search_term_string"}}],"inLanguage":"en-GB"},{"@type":"Organization","@id":"https:\/\/matelotvert.fr\/#organization","name":"Matelot Vert","url":"https:\/\/matelotvert.fr\/","logo":{"@type":"ImageObject","inLanguage":"en-GB","@id":"https:\/\/matelotvert.fr\/#\/schema\/logo\/image\/","url":"https:\/\/matelotvert.fr\/wp-content\/uploads\/2017\/05\/LOGO_MV.png","contentUrl":"https:\/\/matelotvert.fr\/wp-content\/uploads\/2017\/05\/LOGO_MV.png","width":2370,"height":591,"caption":"Matelot Vert"},"image":{"@id":"https:\/\/matelotvert.fr\/#\/schema\/logo\/image\/"},"sameAs":["https:\/\/www.facebook.com\/matelotvert\/","https:\/\/www.instagram.com\/matelotvert\/","https:\/\/www.pinterest.fr\/matelotvert\/"]}]}},"_links":{"self":[{"href":"https:\/\/matelotvert.fr\/en\/wp-json\/wp\/v2\/product\/980","targetHints":{"allow":["GET"]}}],"collection":[{"href":"https:\/\/matelotvert.fr\/en\/wp-json\/wp\/v2\/product"}],"about":[{"href":"https:\/\/matelotvert.fr\/en\/wp-json\/wp\/v2\/types\/product"}],"replies":[{"embeddable":true,"href":"https:\/\/matelotvert.fr\/en\/wp-json\/wp\/v2\/comments?post=980"}],"wp:featuredmedia":[{"embeddable":true,"href":"https:\/\/matelotvert.fr\/en\/wp-json\/wp\/v2\/media\/4331"}],"wp:attachment":[{"href":"https:\/\/matelotvert.fr\/en\/wp-json\/wp\/v2\/media?parent=980"}],"wp:term":[{"taxonomy":"product_brand","embeddable":true,"href":"https:\/\/matelotvert.fr\/en\/wp-json\/wp\/v2\/product_brand?post=980"},{"taxonomy":"product_cat","embeddable":true,"href":"https:\/\/matelotvert.fr\/en\/wp-json\/wp\/v2\/product_cat?post=980"},{"taxonomy":"product_tag","embeddable":true,"href":"https:\/\/matelotvert.fr\/en\/wp-json\/wp\/v2\/product_tag?post=980"}],"curies":[{"name":"wp","href":"https:\/\/api.w.org\/{rel}","templated":true}]}}