{"id":1977,"date":"2019-03-31T17:33:38","date_gmt":"2019-03-31T15:33:38","guid":{"rendered":"https:\/\/matelotvert.fr\/?post_type=product&#038;p=1977"},"modified":"2024-11-05T14:04:56","modified_gmt":"2024-11-05T12:04:56","slug":"tote-bag-riou-ocre","status":"publish","type":"product","link":"https:\/\/matelotvert.fr\/en\/product\/tote-bag-riou-ocre\/","title":{"rendered":"Tote Bag revisited \" Riou \" Ochre"},"content":{"rendered":"<p><span style=\"font-size: 0.9rem;\">Lined tote bag with inside pocket<\/span><\/p>\n<p>100% top-of-the-range linen 310gr\/m\u00b2 harvested and woven in France with respect for the environment (eco-label).<\/p>\n<p>Made in France in our Marseille workshop.<\/p>","protected":false},"excerpt":{"rendered":"<p>100% linen - 45x40x2cm - Made in France<\/p>","protected":false},"featured_media":1978,"comment_status":"open","ping_status":"closed","template":"","meta":[],"product_brand":[],"product_cat":[85,98],"product_tag":[99],"class_list":{"0":"post-1977","1":"product","2":"type-product","3":"status-publish","4":"has-post-thumbnail","6":"product_cat-accessoires","7":"product_cat-tote-bag","8":"product_tag-tote-bag-lin-made-in-france","10":"first","11":"instock","12":"shipping-taxable","13":"purchasable","14":"product-type-simple"},"yoast_head":"<!-- This site is optimized with the Yoast SEO plugin v26.4 - https:\/\/yoast.com\/wordpress\/plugins\/seo\/ -->\n<title>Tote Bags Ocre 100% Lin &quot;Made in Marseille&quot; | Matelot Vert<\/title>\n<meta name=\"description\" content=\"Tote bags doubl\u00e9s avec poches int\u00e9rieures. 100% Lin haut de gamme 310gr\/m\u00b2 r\u00e9colt\u00e9 et tiss\u00e9 en France dans le respect de l&#039;environnement (\u00e9colabel). Fabriqu\u00e9 en France dans notre atelier Marseillais\" \/>\n<meta name=\"robots\" content=\"index, follow, max-snippet:-1, max-image-preview:large, max-video-preview:-1\" \/>\n<link rel=\"canonical\" href=\"https:\/\/matelotvert.fr\/en\/product\/tote-bag-riou-ocre\/\" \/>\n<meta property=\"og:locale\" content=\"en_GB\" \/>\n<meta property=\"og:type\" content=\"article\" \/>\n<meta property=\"og:title\" content=\"Tote Bags Ocre 100% Lin &quot;Made in Marseille&quot; | Matelot Vert\" \/>\n<meta property=\"og:description\" content=\"Tote bags doubl\u00e9s avec poches int\u00e9rieures. 100% Lin haut de gamme 310gr\/m\u00b2 r\u00e9colt\u00e9 et tiss\u00e9 en France dans le respect de l&#039;environnement (\u00e9colabel). Fabriqu\u00e9 en France dans notre atelier Marseillais\" \/>\n<meta property=\"og:url\" content=\"https:\/\/matelotvert.fr\/en\/product\/tote-bag-riou-ocre\/\" \/>\n<meta property=\"og:site_name\" content=\"Matelot Vert\" \/>\n<meta property=\"article:publisher\" content=\"https:\/\/www.facebook.com\/matelotvert\/\" \/>\n<meta property=\"article:modified_time\" content=\"2024-11-05T12:04:56+00:00\" \/>\n<meta property=\"og:image\" content=\"https:\/\/i0.wp.com\/matelotvert.fr\/wp-content\/uploads\/2019\/03\/TOTE-BAG-LIN-OCRE-RIOU01.jpg?fit=1020%2C1200&ssl=1\" \/>\n\t<meta property=\"og:image:width\" content=\"1020\" \/>\n\t<meta property=\"og:image:height\" content=\"1200\" \/>\n\t<meta property=\"og:image:type\" content=\"image\/jpeg\" \/>\n<meta name=\"twitter:card\" content=\"summary_large_image\" \/>\n<script type=\"application\/ld+json\" class=\"yoast-schema-graph\">{\"@context\":\"https:\/\/schema.org\",\"@graph\":[{\"@type\":\"WebPage\",\"@id\":\"https:\/\/matelotvert.fr\/produit\/tote-bag-riou-ocre\/\",\"url\":\"https:\/\/matelotvert.fr\/produit\/tote-bag-riou-ocre\/\",\"name\":\"Tote Bags Ocre 100% Lin \\\"Made in Marseille\\\" | Matelot Vert\",\"isPartOf\":{\"@id\":\"https:\/\/matelotvert.fr\/#website\"},\"primaryImageOfPage\":{\"@id\":\"https:\/\/matelotvert.fr\/produit\/tote-bag-riou-ocre\/#primaryimage\"},\"image\":{\"@id\":\"https:\/\/matelotvert.fr\/produit\/tote-bag-riou-ocre\/#primaryimage\"},\"thumbnailUrl\":\"https:\/\/matelotvert.fr\/wp-content\/uploads\/2019\/03\/TOTE-BAG-LIN-OCRE-RIOU01.jpg\",\"datePublished\":\"2019-03-31T15:33:38+00:00\",\"dateModified\":\"2024-11-05T12:04:56+00:00\",\"description\":\"Tote bags doubl\u00e9s avec poches int\u00e9rieures. 100% Lin haut de gamme 310gr\/m\u00b2 r\u00e9colt\u00e9 et tiss\u00e9 en France dans le respect de l'environnement (\u00e9colabel). Fabriqu\u00e9 en France dans notre atelier Marseillais\",\"breadcrumb\":{\"@id\":\"https:\/\/matelotvert.fr\/produit\/tote-bag-riou-ocre\/#breadcrumb\"},\"inLanguage\":\"en-GB\",\"potentialAction\":[{\"@type\":\"ReadAction\",\"target\":[\"https:\/\/matelotvert.fr\/produit\/tote-bag-riou-ocre\/\"]}]},{\"@type\":\"ImageObject\",\"inLanguage\":\"en-GB\",\"@id\":\"https:\/\/matelotvert.fr\/produit\/tote-bag-riou-ocre\/#primaryimage\",\"url\":\"https:\/\/matelotvert.fr\/wp-content\/uploads\/2019\/03\/TOTE-BAG-LIN-OCRE-RIOU01.jpg\",\"contentUrl\":\"https:\/\/matelotvert.fr\/wp-content\/uploads\/2019\/03\/TOTE-BAG-LIN-OCRE-RIOU01.jpg\",\"width\":1020,\"height\":1200},{\"@type\":\"BreadcrumbList\",\"@id\":\"https:\/\/matelotvert.fr\/produit\/tote-bag-riou-ocre\/#breadcrumb\",\"itemListElement\":[{\"@type\":\"ListItem\",\"position\":1,\"name\":\"Accueil\",\"item\":\"https:\/\/matelotvert.fr\/\"},{\"@type\":\"ListItem\",\"position\":2,\"name\":\"Products\",\"item\":\"https:\/\/matelotvert.fr\/en\/shop\/\"},{\"@type\":\"ListItem\",\"position\":3,\"name\":\"Tote Bag revisit\u00e9 \u00ab\u00a0Riou\u00a0\u00bb Ocre\"}]},{\"@type\":\"WebSite\",\"@id\":\"https:\/\/matelotvert.fr\/#website\",\"url\":\"https:\/\/matelotvert.fr\/\",\"name\":\"Matelot Vert\",\"description\":\"la d\u00e9co made in Marseille\",\"publisher\":{\"@id\":\"https:\/\/matelotvert.fr\/#organization\"},\"potentialAction\":[{\"@type\":\"SearchAction\",\"target\":{\"@type\":\"EntryPoint\",\"urlTemplate\":\"https:\/\/matelotvert.fr\/?s={search_term_string}\"},\"query-input\":{\"@type\":\"PropertyValueSpecification\",\"valueRequired\":true,\"valueName\":\"search_term_string\"}}],\"inLanguage\":\"en-GB\"},{\"@type\":\"Organization\",\"@id\":\"https:\/\/matelotvert.fr\/#organization\",\"name\":\"Matelot Vert\",\"url\":\"https:\/\/matelotvert.fr\/\",\"logo\":{\"@type\":\"ImageObject\",\"inLanguage\":\"en-GB\",\"@id\":\"https:\/\/matelotvert.fr\/#\/schema\/logo\/image\/\",\"url\":\"https:\/\/matelotvert.fr\/wp-content\/uploads\/2017\/05\/LOGO_MV.png\",\"contentUrl\":\"https:\/\/matelotvert.fr\/wp-content\/uploads\/2017\/05\/LOGO_MV.png\",\"width\":2370,\"height\":591,\"caption\":\"Matelot Vert\"},\"image\":{\"@id\":\"https:\/\/matelotvert.fr\/#\/schema\/logo\/image\/\"},\"sameAs\":[\"https:\/\/www.facebook.com\/matelotvert\/\",\"https:\/\/www.instagram.com\/matelotvert\/\",\"https:\/\/www.pinterest.fr\/matelotvert\/\"]}]}<\/script>\n<!-- \/ Yoast SEO plugin. -->","yoast_head_json":{"title":"Tote Bags Ocre 100% Lin \"Made in Marseille\" | Matelot Vert","description":"Tote bags doubl\u00e9s avec poches int\u00e9rieures. 100% Lin haut de gamme 310gr\/m\u00b2 r\u00e9colt\u00e9 et tiss\u00e9 en France dans le respect de l'environnement (\u00e9colabel). Fabriqu\u00e9 en France dans notre atelier Marseillais","robots":{"index":"index","follow":"follow","max-snippet":"max-snippet:-1","max-image-preview":"max-image-preview:large","max-video-preview":"max-video-preview:-1"},"canonical":"https:\/\/matelotvert.fr\/en\/product\/tote-bag-riou-ocre\/","og_locale":"en_GB","og_type":"article","og_title":"Tote Bags Ocre 100% Lin \"Made in Marseille\" | Matelot Vert","og_description":"Tote bags doubl\u00e9s avec poches int\u00e9rieures. 100% Lin haut de gamme 310gr\/m\u00b2 r\u00e9colt\u00e9 et tiss\u00e9 en France dans le respect de l'environnement (\u00e9colabel). Fabriqu\u00e9 en France dans notre atelier Marseillais","og_url":"https:\/\/matelotvert.fr\/en\/product\/tote-bag-riou-ocre\/","og_site_name":"Matelot Vert","article_publisher":"https:\/\/www.facebook.com\/matelotvert\/","article_modified_time":"2024-11-05T12:04:56+00:00","og_image":[{"width":1020,"height":1200,"url":"https:\/\/i0.wp.com\/matelotvert.fr\/wp-content\/uploads\/2019\/03\/TOTE-BAG-LIN-OCRE-RIOU01.jpg?fit=1020%2C1200&ssl=1","type":"image\/jpeg"}],"twitter_card":"summary_large_image","schema":{"@context":"https:\/\/schema.org","@graph":[{"@type":"WebPage","@id":"https:\/\/matelotvert.fr\/produit\/tote-bag-riou-ocre\/","url":"https:\/\/matelotvert.fr\/produit\/tote-bag-riou-ocre\/","name":"Tote Bags Ocre 100% Lin \"Made in Marseille\" | Matelot Vert","isPartOf":{"@id":"https:\/\/matelotvert.fr\/#website"},"primaryImageOfPage":{"@id":"https:\/\/matelotvert.fr\/produit\/tote-bag-riou-ocre\/#primaryimage"},"image":{"@id":"https:\/\/matelotvert.fr\/produit\/tote-bag-riou-ocre\/#primaryimage"},"thumbnailUrl":"https:\/\/matelotvert.fr\/wp-content\/uploads\/2019\/03\/TOTE-BAG-LIN-OCRE-RIOU01.jpg","datePublished":"2019-03-31T15:33:38+00:00","dateModified":"2024-11-05T12:04:56+00:00","description":"Tote bags doubl\u00e9s avec poches int\u00e9rieures. 100% Lin haut de gamme 310gr\/m\u00b2 r\u00e9colt\u00e9 et tiss\u00e9 en France dans le respect de l'environnement (\u00e9colabel). Fabriqu\u00e9 en France dans notre atelier Marseillais","breadcrumb":{"@id":"https:\/\/matelotvert.fr\/produit\/tote-bag-riou-ocre\/#breadcrumb"},"inLanguage":"en-GB","potentialAction":[{"@type":"ReadAction","target":["https:\/\/matelotvert.fr\/produit\/tote-bag-riou-ocre\/"]}]},{"@type":"ImageObject","inLanguage":"en-GB","@id":"https:\/\/matelotvert.fr\/produit\/tote-bag-riou-ocre\/#primaryimage","url":"https:\/\/matelotvert.fr\/wp-content\/uploads\/2019\/03\/TOTE-BAG-LIN-OCRE-RIOU01.jpg","contentUrl":"https:\/\/matelotvert.fr\/wp-content\/uploads\/2019\/03\/TOTE-BAG-LIN-OCRE-RIOU01.jpg","width":1020,"height":1200},{"@type":"BreadcrumbList","@id":"https:\/\/matelotvert.fr\/produit\/tote-bag-riou-ocre\/#breadcrumb","itemListElement":[{"@type":"ListItem","position":1,"name":"Accueil","item":"https:\/\/matelotvert.fr\/"},{"@type":"ListItem","position":2,"name":"Products","item":"https:\/\/matelotvert.fr\/en\/shop\/"},{"@type":"ListItem","position":3,"name":"Tote Bag revisit\u00e9 \u00ab\u00a0Riou\u00a0\u00bb Ocre"}]},{"@type":"WebSite","@id":"https:\/\/matelotvert.fr\/#website","url":"https:\/\/matelotvert.fr\/","name":"Matelot Vert","description":"la d\u00e9co made in Marseille","publisher":{"@id":"https:\/\/matelotvert.fr\/#organization"},"potentialAction":[{"@type":"SearchAction","target":{"@type":"EntryPoint","urlTemplate":"https:\/\/matelotvert.fr\/?s={search_term_string}"},"query-input":{"@type":"PropertyValueSpecification","valueRequired":true,"valueName":"search_term_string"}}],"inLanguage":"en-GB"},{"@type":"Organization","@id":"https:\/\/matelotvert.fr\/#organization","name":"Matelot Vert","url":"https:\/\/matelotvert.fr\/","logo":{"@type":"ImageObject","inLanguage":"en-GB","@id":"https:\/\/matelotvert.fr\/#\/schema\/logo\/image\/","url":"https:\/\/matelotvert.fr\/wp-content\/uploads\/2017\/05\/LOGO_MV.png","contentUrl":"https:\/\/matelotvert.fr\/wp-content\/uploads\/2017\/05\/LOGO_MV.png","width":2370,"height":591,"caption":"Matelot Vert"},"image":{"@id":"https:\/\/matelotvert.fr\/#\/schema\/logo\/image\/"},"sameAs":["https:\/\/www.facebook.com\/matelotvert\/","https:\/\/www.instagram.com\/matelotvert\/","https:\/\/www.pinterest.fr\/matelotvert\/"]}]}},"_links":{"self":[{"href":"https:\/\/matelotvert.fr\/en\/wp-json\/wp\/v2\/product\/1977","targetHints":{"allow":["GET"]}}],"collection":[{"href":"https:\/\/matelotvert.fr\/en\/wp-json\/wp\/v2\/product"}],"about":[{"href":"https:\/\/matelotvert.fr\/en\/wp-json\/wp\/v2\/types\/product"}],"replies":[{"embeddable":true,"href":"https:\/\/matelotvert.fr\/en\/wp-json\/wp\/v2\/comments?post=1977"}],"wp:featuredmedia":[{"embeddable":true,"href":"https:\/\/matelotvert.fr\/en\/wp-json\/wp\/v2\/media\/1978"}],"wp:attachment":[{"href":"https:\/\/matelotvert.fr\/en\/wp-json\/wp\/v2\/media?parent=1977"}],"wp:term":[{"taxonomy":"product_brand","embeddable":true,"href":"https:\/\/matelotvert.fr\/en\/wp-json\/wp\/v2\/product_brand?post=1977"},{"taxonomy":"product_cat","embeddable":true,"href":"https:\/\/matelotvert.fr\/en\/wp-json\/wp\/v2\/product_cat?post=1977"},{"taxonomy":"product_tag","embeddable":true,"href":"https:\/\/matelotvert.fr\/en\/wp-json\/wp\/v2\/product_tag?post=1977"}],"curies":[{"name":"wp","href":"https:\/\/api.w.org\/{rel}","templated":true}]}}