{"id":1887,"date":"2018-06-03T17:59:51","date_gmt":"2018-06-03T15:59:51","guid":{"rendered":"https:\/\/matelotvert.fr\/?post_type=product&#038;p=1887"},"modified":"2024-01-09T13:37:13","modified_gmt":"2024-01-09T11:37:13","slug":"sacs-cabas-frioul-bleu-paon","status":"publish","type":"product","link":"https:\/\/matelotvert.fr\/en\/product\/sacs-cabas-frioul-bleu-paon\/","title":{"rendered":"Sac Cabas \u00ab\u00a0Frioul\u00a0\u00bb Bleu Paon"},"content":{"rendered":"<p><span style=\"font-size: 0.9rem;\">Sac cabas doubl\u00e9 avec poche ext\u00e9rieure et int\u00e9rieure<\/span><\/p>\n<p>100% lin haut de gamme 360gr\/m\u00b2 r\u00e9colt\u00e9 et tiss\u00e9 en France dans le respect de l&rsquo;environnement (\u00e9colabel).<\/p>\n<p>Made in France in our Marseille workshop.<\/p>","protected":false},"excerpt":{"rendered":"<p>100% lin &#8211; 57x42x20cm &#8211; Fabrication Fran\u00e7aise<\/p>","protected":false},"featured_media":1890,"comment_status":"open","ping_status":"closed","template":"","meta":[],"product_brand":[],"product_cat":[85,95],"product_tag":[],"class_list":{"0":"post-1887","1":"product","2":"type-product","3":"status-publish","4":"has-post-thumbnail","6":"product_cat-accessoires","7":"product_cat-sacs-cabas","9":"first","10":"outofstock","11":"shipping-taxable","12":"purchasable","13":"product-type-simple"},"yoast_head":"<!-- This site is optimized with the Yoast SEO plugin v26.4 - https:\/\/yoast.com\/wordpress\/plugins\/seo\/ -->\n<title>Sac Cabas &quot;Frioul&quot; Bleu Paon | Matelot Vert<\/title>\n<meta name=\"robots\" content=\"index, follow, max-snippet:-1, max-image-preview:large, max-video-preview:-1\" \/>\n<link rel=\"canonical\" href=\"https:\/\/matelotvert.fr\/en\/product\/sacs-cabas-frioul-bleu-paon\/\" \/>\n<meta property=\"og:locale\" content=\"en_GB\" \/>\n<meta property=\"og:type\" content=\"article\" \/>\n<meta property=\"og:title\" content=\"Sac Cabas &quot;Frioul&quot; Bleu Paon | Matelot Vert\" \/>\n<meta property=\"og:description\" content=\"100% lin - 57x42x20cm - Fabrication Fran\u00e7aise\" \/>\n<meta property=\"og:url\" content=\"https:\/\/matelotvert.fr\/en\/product\/sacs-cabas-frioul-bleu-paon\/\" \/>\n<meta property=\"og:site_name\" content=\"Matelot Vert\" \/>\n<meta property=\"article:publisher\" content=\"https:\/\/www.facebook.com\/matelotvert\/\" \/>\n<meta property=\"article:modified_time\" content=\"2024-01-09T11:37:13+00:00\" \/>\n<meta property=\"og:image\" content=\"https:\/\/i1.wp.com\/matelotvert.fr\/wp-content\/uploads\/2018\/06\/SAC_CABAS_LIN_BLEU_PAON_FRIOUL.jpg?fit=1020%2C1200&ssl=1\" \/>\n\t<meta property=\"og:image:width\" content=\"1020\" \/>\n\t<meta property=\"og:image:height\" content=\"1200\" \/>\n\t<meta property=\"og:image:type\" content=\"image\/jpeg\" \/>\n<meta name=\"twitter:card\" content=\"summary_large_image\" \/>\n<script type=\"application\/ld+json\" class=\"yoast-schema-graph\">{\"@context\":\"https:\/\/schema.org\",\"@graph\":[{\"@type\":\"WebPage\",\"@id\":\"https:\/\/matelotvert.fr\/en\/product\/sacs-cabas-frioul-bleu-paon\/\",\"url\":\"https:\/\/matelotvert.fr\/en\/product\/sacs-cabas-frioul-bleu-paon\/\",\"name\":\"Sac Cabas \\\"Frioul\\\" Bleu Paon | Matelot Vert\",\"isPartOf\":{\"@id\":\"https:\/\/matelotvert.fr\/#website\"},\"primaryImageOfPage\":{\"@id\":\"https:\/\/matelotvert.fr\/en\/product\/sacs-cabas-frioul-bleu-paon\/#primaryimage\"},\"image\":{\"@id\":\"https:\/\/matelotvert.fr\/en\/product\/sacs-cabas-frioul-bleu-paon\/#primaryimage\"},\"thumbnailUrl\":\"https:\/\/matelotvert.fr\/wp-content\/uploads\/2018\/06\/SAC_CABAS_LIN_BLEU_PAON_FRIOUL.jpg\",\"datePublished\":\"2018-06-03T15:59:51+00:00\",\"dateModified\":\"2024-01-09T11:37:13+00:00\",\"breadcrumb\":{\"@id\":\"https:\/\/matelotvert.fr\/en\/product\/sacs-cabas-frioul-bleu-paon\/#breadcrumb\"},\"inLanguage\":\"en-GB\",\"potentialAction\":[{\"@type\":\"ReadAction\",\"target\":[\"https:\/\/matelotvert.fr\/en\/product\/sacs-cabas-frioul-bleu-paon\/\"]}]},{\"@type\":\"ImageObject\",\"inLanguage\":\"en-GB\",\"@id\":\"https:\/\/matelotvert.fr\/en\/product\/sacs-cabas-frioul-bleu-paon\/#primaryimage\",\"url\":\"https:\/\/matelotvert.fr\/wp-content\/uploads\/2018\/06\/SAC_CABAS_LIN_BLEU_PAON_FRIOUL.jpg\",\"contentUrl\":\"https:\/\/matelotvert.fr\/wp-content\/uploads\/2018\/06\/SAC_CABAS_LIN_BLEU_PAON_FRIOUL.jpg\",\"width\":1020,\"height\":1200},{\"@type\":\"BreadcrumbList\",\"@id\":\"https:\/\/matelotvert.fr\/en\/product\/sacs-cabas-frioul-bleu-paon\/#breadcrumb\",\"itemListElement\":[{\"@type\":\"ListItem\",\"position\":1,\"name\":\"Accueil\",\"item\":\"https:\/\/matelotvert.fr\/\"},{\"@type\":\"ListItem\",\"position\":2,\"name\":\"Products\",\"item\":\"https:\/\/matelotvert.fr\/en\/shop\/\"},{\"@type\":\"ListItem\",\"position\":3,\"name\":\"Sac Cabas \u00ab\u00a0Frioul\u00a0\u00bb Bleu Paon\"}]},{\"@type\":\"WebSite\",\"@id\":\"https:\/\/matelotvert.fr\/#website\",\"url\":\"https:\/\/matelotvert.fr\/\",\"name\":\"Matelot Vert\",\"description\":\"la d\u00e9co made in Marseille\",\"publisher\":{\"@id\":\"https:\/\/matelotvert.fr\/#organization\"},\"potentialAction\":[{\"@type\":\"SearchAction\",\"target\":{\"@type\":\"EntryPoint\",\"urlTemplate\":\"https:\/\/matelotvert.fr\/?s={search_term_string}\"},\"query-input\":{\"@type\":\"PropertyValueSpecification\",\"valueRequired\":true,\"valueName\":\"search_term_string\"}}],\"inLanguage\":\"en-GB\"},{\"@type\":\"Organization\",\"@id\":\"https:\/\/matelotvert.fr\/#organization\",\"name\":\"Matelot Vert\",\"url\":\"https:\/\/matelotvert.fr\/\",\"logo\":{\"@type\":\"ImageObject\",\"inLanguage\":\"en-GB\",\"@id\":\"https:\/\/matelotvert.fr\/#\/schema\/logo\/image\/\",\"url\":\"https:\/\/matelotvert.fr\/wp-content\/uploads\/2017\/05\/LOGO_MV.png\",\"contentUrl\":\"https:\/\/matelotvert.fr\/wp-content\/uploads\/2017\/05\/LOGO_MV.png\",\"width\":2370,\"height\":591,\"caption\":\"Matelot Vert\"},\"image\":{\"@id\":\"https:\/\/matelotvert.fr\/#\/schema\/logo\/image\/\"},\"sameAs\":[\"https:\/\/www.facebook.com\/matelotvert\/\",\"https:\/\/www.instagram.com\/matelotvert\/\",\"https:\/\/www.pinterest.fr\/matelotvert\/\"]}]}<\/script>\n<!-- \/ Yoast SEO plugin. -->","yoast_head_json":{"title":"Sac Cabas \"Frioul\" Bleu Paon | Matelot Vert","robots":{"index":"index","follow":"follow","max-snippet":"max-snippet:-1","max-image-preview":"max-image-preview:large","max-video-preview":"max-video-preview:-1"},"canonical":"https:\/\/matelotvert.fr\/en\/product\/sacs-cabas-frioul-bleu-paon\/","og_locale":"en_GB","og_type":"article","og_title":"Sac Cabas \"Frioul\" Bleu Paon | Matelot Vert","og_description":"100% lin - 57x42x20cm - Fabrication Fran\u00e7aise","og_url":"https:\/\/matelotvert.fr\/en\/product\/sacs-cabas-frioul-bleu-paon\/","og_site_name":"Matelot Vert","article_publisher":"https:\/\/www.facebook.com\/matelotvert\/","article_modified_time":"2024-01-09T11:37:13+00:00","og_image":[{"width":1020,"height":1200,"url":"https:\/\/i1.wp.com\/matelotvert.fr\/wp-content\/uploads\/2018\/06\/SAC_CABAS_LIN_BLEU_PAON_FRIOUL.jpg?fit=1020%2C1200&ssl=1","type":"image\/jpeg"}],"twitter_card":"summary_large_image","schema":{"@context":"https:\/\/schema.org","@graph":[{"@type":"WebPage","@id":"https:\/\/matelotvert.fr\/en\/product\/sacs-cabas-frioul-bleu-paon\/","url":"https:\/\/matelotvert.fr\/en\/product\/sacs-cabas-frioul-bleu-paon\/","name":"Sac Cabas \"Frioul\" Bleu Paon | Matelot Vert","isPartOf":{"@id":"https:\/\/matelotvert.fr\/#website"},"primaryImageOfPage":{"@id":"https:\/\/matelotvert.fr\/en\/product\/sacs-cabas-frioul-bleu-paon\/#primaryimage"},"image":{"@id":"https:\/\/matelotvert.fr\/en\/product\/sacs-cabas-frioul-bleu-paon\/#primaryimage"},"thumbnailUrl":"https:\/\/matelotvert.fr\/wp-content\/uploads\/2018\/06\/SAC_CABAS_LIN_BLEU_PAON_FRIOUL.jpg","datePublished":"2018-06-03T15:59:51+00:00","dateModified":"2024-01-09T11:37:13+00:00","breadcrumb":{"@id":"https:\/\/matelotvert.fr\/en\/product\/sacs-cabas-frioul-bleu-paon\/#breadcrumb"},"inLanguage":"en-GB","potentialAction":[{"@type":"ReadAction","target":["https:\/\/matelotvert.fr\/en\/product\/sacs-cabas-frioul-bleu-paon\/"]}]},{"@type":"ImageObject","inLanguage":"en-GB","@id":"https:\/\/matelotvert.fr\/en\/product\/sacs-cabas-frioul-bleu-paon\/#primaryimage","url":"https:\/\/matelotvert.fr\/wp-content\/uploads\/2018\/06\/SAC_CABAS_LIN_BLEU_PAON_FRIOUL.jpg","contentUrl":"https:\/\/matelotvert.fr\/wp-content\/uploads\/2018\/06\/SAC_CABAS_LIN_BLEU_PAON_FRIOUL.jpg","width":1020,"height":1200},{"@type":"BreadcrumbList","@id":"https:\/\/matelotvert.fr\/en\/product\/sacs-cabas-frioul-bleu-paon\/#breadcrumb","itemListElement":[{"@type":"ListItem","position":1,"name":"Accueil","item":"https:\/\/matelotvert.fr\/"},{"@type":"ListItem","position":2,"name":"Products","item":"https:\/\/matelotvert.fr\/en\/shop\/"},{"@type":"ListItem","position":3,"name":"Sac Cabas \u00ab\u00a0Frioul\u00a0\u00bb Bleu Paon"}]},{"@type":"WebSite","@id":"https:\/\/matelotvert.fr\/#website","url":"https:\/\/matelotvert.fr\/","name":"Matelot Vert","description":"la d\u00e9co made in Marseille","publisher":{"@id":"https:\/\/matelotvert.fr\/#organization"},"potentialAction":[{"@type":"SearchAction","target":{"@type":"EntryPoint","urlTemplate":"https:\/\/matelotvert.fr\/?s={search_term_string}"},"query-input":{"@type":"PropertyValueSpecification","valueRequired":true,"valueName":"search_term_string"}}],"inLanguage":"en-GB"},{"@type":"Organization","@id":"https:\/\/matelotvert.fr\/#organization","name":"Matelot Vert","url":"https:\/\/matelotvert.fr\/","logo":{"@type":"ImageObject","inLanguage":"en-GB","@id":"https:\/\/matelotvert.fr\/#\/schema\/logo\/image\/","url":"https:\/\/matelotvert.fr\/wp-content\/uploads\/2017\/05\/LOGO_MV.png","contentUrl":"https:\/\/matelotvert.fr\/wp-content\/uploads\/2017\/05\/LOGO_MV.png","width":2370,"height":591,"caption":"Matelot Vert"},"image":{"@id":"https:\/\/matelotvert.fr\/#\/schema\/logo\/image\/"},"sameAs":["https:\/\/www.facebook.com\/matelotvert\/","https:\/\/www.instagram.com\/matelotvert\/","https:\/\/www.pinterest.fr\/matelotvert\/"]}]}},"_links":{"self":[{"href":"https:\/\/matelotvert.fr\/en\/wp-json\/wp\/v2\/product\/1887","targetHints":{"allow":["GET"]}}],"collection":[{"href":"https:\/\/matelotvert.fr\/en\/wp-json\/wp\/v2\/product"}],"about":[{"href":"https:\/\/matelotvert.fr\/en\/wp-json\/wp\/v2\/types\/product"}],"replies":[{"embeddable":true,"href":"https:\/\/matelotvert.fr\/en\/wp-json\/wp\/v2\/comments?post=1887"}],"wp:featuredmedia":[{"embeddable":true,"href":"https:\/\/matelotvert.fr\/en\/wp-json\/wp\/v2\/media\/1890"}],"wp:attachment":[{"href":"https:\/\/matelotvert.fr\/en\/wp-json\/wp\/v2\/media?parent=1887"}],"wp:term":[{"taxonomy":"product_brand","embeddable":true,"href":"https:\/\/matelotvert.fr\/en\/wp-json\/wp\/v2\/product_brand?post=1887"},{"taxonomy":"product_cat","embeddable":true,"href":"https:\/\/matelotvert.fr\/en\/wp-json\/wp\/v2\/product_cat?post=1887"},{"taxonomy":"product_tag","embeddable":true,"href":"https:\/\/matelotvert.fr\/en\/wp-json\/wp\/v2\/product_tag?post=1887"}],"curies":[{"name":"wp","href":"https:\/\/api.w.org\/{rel}","templated":true}]}}