{"id":15471,"date":"2022-01-27T10:11:54","date_gmt":"2022-01-27T08:11:54","guid":{"rendered":"https:\/\/matelotvert.fr\/?post_type=product&#038;p=15471"},"modified":"2026-03-18T17:38:12","modified_gmt":"2026-03-18T15:38:12","slug":"suspension-houat-noyer","status":"publish","type":"product","link":"https:\/\/matelotvert.fr\/en\/product\/suspension-houat-noyer\/","title":{"rendered":"Suspension HOUAT Noyer"},"content":{"rendered":"<p>The HOUAT Art Deco Hanging lamp is designed and manufactured in France, in our Marseille workshop.<\/p>\n<p>Each product is handcrafted, which gives it a unique character. The subtle mix of materials such as wood and Plexiglas\u00ae bring authenticity and modernity to the design.<\/p>\n<p>The electrical components that make up this lamp are CE certified. The electric cable is available in 9 fabric colours<\/p>\n<p>E27 lampholder, 7W LED bulb <strong>fournie<\/strong> (11W maxi).<\/p>","protected":false},"excerpt":{"rendered":"<p>Art Deco style hanging lamp, wood &amp; Plexiglas, Made in France<\/p>","protected":false},"featured_media":15495,"comment_status":"open","ping_status":"closed","template":"","meta":[],"product_brand":[],"product_cat":[69,70],"product_tag":[],"class_list":{"0":"post-15471","1":"product","2":"type-product","3":"status-publish","4":"has-post-thumbnail","6":"product_cat-luminaire","7":"product_cat-suspension","9":"first","10":"instock","11":"shipping-taxable","12":"purchasable","13":"product-type-variable"},"yoast_head":"<!-- This site is optimized with the Yoast SEO plugin v26.4 - https:\/\/yoast.com\/wordpress\/plugins\/seo\/ -->\n<title>Suspension style Art D\u00e9co - Fabrication Fran\u00e7aise | Matelot Vert<\/title>\n<meta name=\"description\" content=\"Suspension style Art Deco, finiton Noyer, bois &amp; plexiglas, Fabrication Fran\u00e7aise\" \/>\n<meta name=\"robots\" content=\"index, follow, max-snippet:-1, max-image-preview:large, max-video-preview:-1\" \/>\n<link rel=\"canonical\" href=\"https:\/\/matelotvert.fr\/en\/product\/suspension-houat-noyer\/\" \/>\n<meta property=\"og:locale\" content=\"en_GB\" \/>\n<meta property=\"og:type\" content=\"article\" \/>\n<meta property=\"og:title\" content=\"Suspension style Art D\u00e9co - Fabrication Fran\u00e7aise | Matelot Vert\" \/>\n<meta property=\"og:description\" content=\"Suspension style Art Deco, finiton Noyer, bois &amp; plexiglas, Fabrication Fran\u00e7aise\" \/>\n<meta property=\"og:url\" content=\"https:\/\/matelotvert.fr\/en\/product\/suspension-houat-noyer\/\" \/>\n<meta property=\"og:site_name\" content=\"Matelot Vert\" \/>\n<meta property=\"article:publisher\" content=\"https:\/\/www.facebook.com\/matelotvert\/\" \/>\n<meta property=\"article:modified_time\" content=\"2026-03-18T15:38:12+00:00\" \/>\n<meta property=\"og:image\" content=\"https:\/\/matelotvert.fr\/wp-content\/uploads\/2022\/01\/MATELOT_VERT_HOUAT_NOYER.png\" \/>\n\t<meta property=\"og:image:width\" content=\"1020\" \/>\n\t<meta property=\"og:image:height\" content=\"1200\" \/>\n\t<meta property=\"og:image:type\" content=\"image\/png\" \/>\n<meta name=\"twitter:card\" content=\"summary_large_image\" \/>\n<meta name=\"twitter:label1\" content=\"Estimated reading time\" \/>\n\t<meta name=\"twitter:data1\" content=\"1 minute\" \/>\n<script type=\"application\/ld+json\" class=\"yoast-schema-graph\">{\"@context\":\"https:\/\/schema.org\",\"@graph\":[{\"@type\":\"WebPage\",\"@id\":\"https:\/\/matelotvert.fr\/produit\/suspension-houat-noyer\/\",\"url\":\"https:\/\/matelotvert.fr\/produit\/suspension-houat-noyer\/\",\"name\":\"Suspension style Art D\u00e9co - Fabrication Fran\u00e7aise | Matelot Vert\",\"isPartOf\":{\"@id\":\"https:\/\/matelotvert.fr\/#website\"},\"primaryImageOfPage\":{\"@id\":\"https:\/\/matelotvert.fr\/produit\/suspension-houat-noyer\/#primaryimage\"},\"image\":{\"@id\":\"https:\/\/matelotvert.fr\/produit\/suspension-houat-noyer\/#primaryimage\"},\"thumbnailUrl\":\"https:\/\/matelotvert.fr\/wp-content\/uploads\/2022\/01\/MATELOT_VERT_HOUAT_NOYER.png\",\"datePublished\":\"2022-01-27T08:11:54+00:00\",\"dateModified\":\"2026-03-18T15:38:12+00:00\",\"description\":\"Suspension style Art Deco, finiton Noyer, bois & plexiglas, Fabrication Fran\u00e7aise\",\"breadcrumb\":{\"@id\":\"https:\/\/matelotvert.fr\/produit\/suspension-houat-noyer\/#breadcrumb\"},\"inLanguage\":\"en-GB\",\"potentialAction\":[{\"@type\":\"ReadAction\",\"target\":[\"https:\/\/matelotvert.fr\/produit\/suspension-houat-noyer\/\"]}]},{\"@type\":\"ImageObject\",\"inLanguage\":\"en-GB\",\"@id\":\"https:\/\/matelotvert.fr\/produit\/suspension-houat-noyer\/#primaryimage\",\"url\":\"https:\/\/matelotvert.fr\/wp-content\/uploads\/2022\/01\/MATELOT_VERT_HOUAT_NOYER.png\",\"contentUrl\":\"https:\/\/matelotvert.fr\/wp-content\/uploads\/2022\/01\/MATELOT_VERT_HOUAT_NOYER.png\",\"width\":1020,\"height\":1200},{\"@type\":\"BreadcrumbList\",\"@id\":\"https:\/\/matelotvert.fr\/produit\/suspension-houat-noyer\/#breadcrumb\",\"itemListElement\":[{\"@type\":\"ListItem\",\"position\":1,\"name\":\"Accueil\",\"item\":\"https:\/\/matelotvert.fr\/\"},{\"@type\":\"ListItem\",\"position\":2,\"name\":\"Products\",\"item\":\"https:\/\/matelotvert.fr\/en\/shop\/\"},{\"@type\":\"ListItem\",\"position\":3,\"name\":\"Suspension HOUAT Noyer\"}]},{\"@type\":\"WebSite\",\"@id\":\"https:\/\/matelotvert.fr\/#website\",\"url\":\"https:\/\/matelotvert.fr\/\",\"name\":\"Matelot Vert\",\"description\":\"la d\u00e9co made in Marseille\",\"publisher\":{\"@id\":\"https:\/\/matelotvert.fr\/#organization\"},\"potentialAction\":[{\"@type\":\"SearchAction\",\"target\":{\"@type\":\"EntryPoint\",\"urlTemplate\":\"https:\/\/matelotvert.fr\/?s={search_term_string}\"},\"query-input\":{\"@type\":\"PropertyValueSpecification\",\"valueRequired\":true,\"valueName\":\"search_term_string\"}}],\"inLanguage\":\"en-GB\"},{\"@type\":\"Organization\",\"@id\":\"https:\/\/matelotvert.fr\/#organization\",\"name\":\"Matelot Vert\",\"url\":\"https:\/\/matelotvert.fr\/\",\"logo\":{\"@type\":\"ImageObject\",\"inLanguage\":\"en-GB\",\"@id\":\"https:\/\/matelotvert.fr\/#\/schema\/logo\/image\/\",\"url\":\"https:\/\/matelotvert.fr\/wp-content\/uploads\/2017\/05\/LOGO_MV.png\",\"contentUrl\":\"https:\/\/matelotvert.fr\/wp-content\/uploads\/2017\/05\/LOGO_MV.png\",\"width\":2370,\"height\":591,\"caption\":\"Matelot Vert\"},\"image\":{\"@id\":\"https:\/\/matelotvert.fr\/#\/schema\/logo\/image\/\"},\"sameAs\":[\"https:\/\/www.facebook.com\/matelotvert\/\",\"https:\/\/www.instagram.com\/matelotvert\/\",\"https:\/\/www.pinterest.fr\/matelotvert\/\"]}]}<\/script>\n<!-- \/ Yoast SEO plugin. -->","yoast_head_json":{"title":"Suspension style Art D\u00e9co - Fabrication Fran\u00e7aise | Matelot Vert","description":"Suspension style Art Deco, finiton Noyer, bois & plexiglas, Fabrication Fran\u00e7aise","robots":{"index":"index","follow":"follow","max-snippet":"max-snippet:-1","max-image-preview":"max-image-preview:large","max-video-preview":"max-video-preview:-1"},"canonical":"https:\/\/matelotvert.fr\/en\/product\/suspension-houat-noyer\/","og_locale":"en_GB","og_type":"article","og_title":"Suspension style Art D\u00e9co - Fabrication Fran\u00e7aise | Matelot Vert","og_description":"Suspension style Art Deco, finiton Noyer, bois & plexiglas, Fabrication Fran\u00e7aise","og_url":"https:\/\/matelotvert.fr\/en\/product\/suspension-houat-noyer\/","og_site_name":"Matelot Vert","article_publisher":"https:\/\/www.facebook.com\/matelotvert\/","article_modified_time":"2026-03-18T15:38:12+00:00","og_image":[{"width":1020,"height":1200,"url":"https:\/\/matelotvert.fr\/wp-content\/uploads\/2022\/01\/MATELOT_VERT_HOUAT_NOYER.png","type":"image\/png"}],"twitter_card":"summary_large_image","twitter_misc":{"Estimated reading time":"1 minute"},"schema":{"@context":"https:\/\/schema.org","@graph":[{"@type":"WebPage","@id":"https:\/\/matelotvert.fr\/produit\/suspension-houat-noyer\/","url":"https:\/\/matelotvert.fr\/produit\/suspension-houat-noyer\/","name":"Suspension style Art D\u00e9co - Fabrication Fran\u00e7aise | Matelot Vert","isPartOf":{"@id":"https:\/\/matelotvert.fr\/#website"},"primaryImageOfPage":{"@id":"https:\/\/matelotvert.fr\/produit\/suspension-houat-noyer\/#primaryimage"},"image":{"@id":"https:\/\/matelotvert.fr\/produit\/suspension-houat-noyer\/#primaryimage"},"thumbnailUrl":"https:\/\/matelotvert.fr\/wp-content\/uploads\/2022\/01\/MATELOT_VERT_HOUAT_NOYER.png","datePublished":"2022-01-27T08:11:54+00:00","dateModified":"2026-03-18T15:38:12+00:00","description":"Suspension style Art Deco, finiton Noyer, bois & plexiglas, Fabrication Fran\u00e7aise","breadcrumb":{"@id":"https:\/\/matelotvert.fr\/produit\/suspension-houat-noyer\/#breadcrumb"},"inLanguage":"en-GB","potentialAction":[{"@type":"ReadAction","target":["https:\/\/matelotvert.fr\/produit\/suspension-houat-noyer\/"]}]},{"@type":"ImageObject","inLanguage":"en-GB","@id":"https:\/\/matelotvert.fr\/produit\/suspension-houat-noyer\/#primaryimage","url":"https:\/\/matelotvert.fr\/wp-content\/uploads\/2022\/01\/MATELOT_VERT_HOUAT_NOYER.png","contentUrl":"https:\/\/matelotvert.fr\/wp-content\/uploads\/2022\/01\/MATELOT_VERT_HOUAT_NOYER.png","width":1020,"height":1200},{"@type":"BreadcrumbList","@id":"https:\/\/matelotvert.fr\/produit\/suspension-houat-noyer\/#breadcrumb","itemListElement":[{"@type":"ListItem","position":1,"name":"Accueil","item":"https:\/\/matelotvert.fr\/"},{"@type":"ListItem","position":2,"name":"Products","item":"https:\/\/matelotvert.fr\/en\/shop\/"},{"@type":"ListItem","position":3,"name":"Suspension HOUAT Noyer"}]},{"@type":"WebSite","@id":"https:\/\/matelotvert.fr\/#website","url":"https:\/\/matelotvert.fr\/","name":"Matelot Vert","description":"la d\u00e9co made in Marseille","publisher":{"@id":"https:\/\/matelotvert.fr\/#organization"},"potentialAction":[{"@type":"SearchAction","target":{"@type":"EntryPoint","urlTemplate":"https:\/\/matelotvert.fr\/?s={search_term_string}"},"query-input":{"@type":"PropertyValueSpecification","valueRequired":true,"valueName":"search_term_string"}}],"inLanguage":"en-GB"},{"@type":"Organization","@id":"https:\/\/matelotvert.fr\/#organization","name":"Matelot Vert","url":"https:\/\/matelotvert.fr\/","logo":{"@type":"ImageObject","inLanguage":"en-GB","@id":"https:\/\/matelotvert.fr\/#\/schema\/logo\/image\/","url":"https:\/\/matelotvert.fr\/wp-content\/uploads\/2017\/05\/LOGO_MV.png","contentUrl":"https:\/\/matelotvert.fr\/wp-content\/uploads\/2017\/05\/LOGO_MV.png","width":2370,"height":591,"caption":"Matelot Vert"},"image":{"@id":"https:\/\/matelotvert.fr\/#\/schema\/logo\/image\/"},"sameAs":["https:\/\/www.facebook.com\/matelotvert\/","https:\/\/www.instagram.com\/matelotvert\/","https:\/\/www.pinterest.fr\/matelotvert\/"]}]}},"_links":{"self":[{"href":"https:\/\/matelotvert.fr\/en\/wp-json\/wp\/v2\/product\/15471","targetHints":{"allow":["GET"]}}],"collection":[{"href":"https:\/\/matelotvert.fr\/en\/wp-json\/wp\/v2\/product"}],"about":[{"href":"https:\/\/matelotvert.fr\/en\/wp-json\/wp\/v2\/types\/product"}],"replies":[{"embeddable":true,"href":"https:\/\/matelotvert.fr\/en\/wp-json\/wp\/v2\/comments?post=15471"}],"wp:featuredmedia":[{"embeddable":true,"href":"https:\/\/matelotvert.fr\/en\/wp-json\/wp\/v2\/media\/15495"}],"wp:attachment":[{"href":"https:\/\/matelotvert.fr\/en\/wp-json\/wp\/v2\/media?parent=15471"}],"wp:term":[{"taxonomy":"product_brand","embeddable":true,"href":"https:\/\/matelotvert.fr\/en\/wp-json\/wp\/v2\/product_brand?post=15471"},{"taxonomy":"product_cat","embeddable":true,"href":"https:\/\/matelotvert.fr\/en\/wp-json\/wp\/v2\/product_cat?post=15471"},{"taxonomy":"product_tag","embeddable":true,"href":"https:\/\/matelotvert.fr\/en\/wp-json\/wp\/v2\/product_tag?post=15471"}],"curies":[{"name":"wp","href":"https:\/\/api.w.org\/{rel}","templated":true}]}}