{"id":1284,"date":"2017-10-15T17:39:17","date_gmt":"2017-10-15T15:39:17","guid":{"rendered":"https:\/\/matelotvert.fr\/?post_type=product&#038;p=1284"},"modified":"2020-06-16T14:21:01","modified_gmt":"2020-06-16T12:21:01","slug":"pochette-loulou-gris-bleu","status":"publish","type":"product","link":"https:\/\/matelotvert.fr\/en\/product\/pochette-loulou-gris-bleu\/","title":{"rendered":"Pochette \u00ab\u00a0Loulou\u00a0\u00bb Gris Bleu"},"content":{"rendered":"<p><span style=\"font-size: 0.9rem;\">Lined and zippered fringe pocket with Pompon ornament<\/span><\/p>\n<p>100% top-of-the-range linen 390gr\/m\u00b2 harvested and woven in France with respect for the environment (ecolabel).<\/p>\n<p>Made in France in our Marseille workshop.<\/p>","protected":false},"excerpt":{"rendered":"<p>100% linen - 22,5x16cm - Made in France<\/p>","protected":false},"featured_media":1383,"comment_status":"open","ping_status":"closed","template":"","meta":[],"product_brand":[],"product_cat":[85,86],"product_tag":[],"class_list":{"0":"post-1284","1":"product","2":"type-product","3":"status-publish","4":"has-post-thumbnail","6":"product_cat-accessoires","7":"product_cat-pochette","9":"first","10":"instock","11":"sale","12":"shipping-taxable","13":"purchasable","14":"product-type-simple"},"yoast_head":"<!-- This site is optimized with the Yoast SEO plugin v26.4 - https:\/\/yoast.com\/wordpress\/plugins\/seo\/ -->\n<title>Pochette \u00e0 franges 100% lin - Fabrication Fran\u00e7aise | Matelot Vert<\/title>\n<meta name=\"description\" content=\"Pochette \u00e0 franges doubl\u00e9e et zip\u00e9e \u00e0 ornement PomPom, Lin 390gr\/m\u00b2 r\u00e9colt\u00e9 et tiss\u00e9 en France dans le respect de l&#039;environnement, Fabriqu\u00e9 en France\" \/>\n<meta name=\"robots\" content=\"index, follow, max-snippet:-1, max-image-preview:large, max-video-preview:-1\" \/>\n<link rel=\"canonical\" href=\"https:\/\/matelotvert.fr\/en\/product\/pochette-loulou-gris-bleu\/\" \/>\n<meta property=\"og:locale\" content=\"en_GB\" \/>\n<meta property=\"og:type\" content=\"article\" \/>\n<meta property=\"og:title\" content=\"Pochette \u00e0 franges 100% lin - Fabrication Fran\u00e7aise | Matelot Vert\" \/>\n<meta property=\"og:description\" content=\"Pochette \u00e0 franges doubl\u00e9e et zip\u00e9e \u00e0 ornement PomPom, Lin 390gr\/m\u00b2 r\u00e9colt\u00e9 et tiss\u00e9 en France dans le respect de l&#039;environnement, Fabriqu\u00e9 en France\" \/>\n<meta property=\"og:url\" content=\"https:\/\/matelotvert.fr\/en\/product\/pochette-loulou-gris-bleu\/\" \/>\n<meta property=\"og:site_name\" content=\"Matelot Vert\" \/>\n<meta property=\"article:publisher\" content=\"https:\/\/www.facebook.com\/matelotvert\/\" \/>\n<meta property=\"article:modified_time\" content=\"2020-06-16T12:21:01+00:00\" \/>\n<meta property=\"og:image\" content=\"https:\/\/i0.wp.com\/matelotvert.fr\/wp-content\/uploads\/2017\/10\/MATELOT_VERT_LOULOU-GRIS_BLEU.png?fit=1020%2C1200&ssl=1\" \/>\n\t<meta property=\"og:image:width\" content=\"1020\" \/>\n\t<meta property=\"og:image:height\" content=\"1200\" \/>\n\t<meta property=\"og:image:type\" content=\"image\/png\" \/>\n<meta name=\"twitter:card\" content=\"summary_large_image\" \/>\n<script type=\"application\/ld+json\" class=\"yoast-schema-graph\">{\"@context\":\"https:\/\/schema.org\",\"@graph\":[{\"@type\":\"WebPage\",\"@id\":\"https:\/\/matelotvert.fr\/produit\/pochette-loulou-gris-bleu\/\",\"url\":\"https:\/\/matelotvert.fr\/produit\/pochette-loulou-gris-bleu\/\",\"name\":\"Pochette \u00e0 franges 100% lin - Fabrication Fran\u00e7aise | Matelot Vert\",\"isPartOf\":{\"@id\":\"https:\/\/matelotvert.fr\/#website\"},\"primaryImageOfPage\":{\"@id\":\"https:\/\/matelotvert.fr\/produit\/pochette-loulou-gris-bleu\/#primaryimage\"},\"image\":{\"@id\":\"https:\/\/matelotvert.fr\/produit\/pochette-loulou-gris-bleu\/#primaryimage\"},\"thumbnailUrl\":\"https:\/\/matelotvert.fr\/wp-content\/uploads\/2017\/10\/MATELOT_VERT_LOULOU-GRIS_BLEU.png\",\"datePublished\":\"2017-10-15T15:39:17+00:00\",\"dateModified\":\"2020-06-16T12:21:01+00:00\",\"description\":\"Pochette \u00e0 franges doubl\u00e9e et zip\u00e9e \u00e0 ornement PomPom, Lin 390gr\/m\u00b2 r\u00e9colt\u00e9 et tiss\u00e9 en France dans le respect de l'environnement, Fabriqu\u00e9 en France\",\"breadcrumb\":{\"@id\":\"https:\/\/matelotvert.fr\/produit\/pochette-loulou-gris-bleu\/#breadcrumb\"},\"inLanguage\":\"en-GB\",\"potentialAction\":[{\"@type\":\"ReadAction\",\"target\":[\"https:\/\/matelotvert.fr\/produit\/pochette-loulou-gris-bleu\/\"]}]},{\"@type\":\"ImageObject\",\"inLanguage\":\"en-GB\",\"@id\":\"https:\/\/matelotvert.fr\/produit\/pochette-loulou-gris-bleu\/#primaryimage\",\"url\":\"https:\/\/matelotvert.fr\/wp-content\/uploads\/2017\/10\/MATELOT_VERT_LOULOU-GRIS_BLEU.png\",\"contentUrl\":\"https:\/\/matelotvert.fr\/wp-content\/uploads\/2017\/10\/MATELOT_VERT_LOULOU-GRIS_BLEU.png\",\"width\":1020,\"height\":1200},{\"@type\":\"BreadcrumbList\",\"@id\":\"https:\/\/matelotvert.fr\/produit\/pochette-loulou-gris-bleu\/#breadcrumb\",\"itemListElement\":[{\"@type\":\"ListItem\",\"position\":1,\"name\":\"Accueil\",\"item\":\"https:\/\/matelotvert.fr\/\"},{\"@type\":\"ListItem\",\"position\":2,\"name\":\"Products\",\"item\":\"https:\/\/matelotvert.fr\/en\/shop\/\"},{\"@type\":\"ListItem\",\"position\":3,\"name\":\"Pochette \u00ab\u00a0Loulou\u00a0\u00bb Gris Bleu\"}]},{\"@type\":\"WebSite\",\"@id\":\"https:\/\/matelotvert.fr\/#website\",\"url\":\"https:\/\/matelotvert.fr\/\",\"name\":\"Matelot Vert\",\"description\":\"la d\u00e9co made in Marseille\",\"publisher\":{\"@id\":\"https:\/\/matelotvert.fr\/#organization\"},\"potentialAction\":[{\"@type\":\"SearchAction\",\"target\":{\"@type\":\"EntryPoint\",\"urlTemplate\":\"https:\/\/matelotvert.fr\/?s={search_term_string}\"},\"query-input\":{\"@type\":\"PropertyValueSpecification\",\"valueRequired\":true,\"valueName\":\"search_term_string\"}}],\"inLanguage\":\"en-GB\"},{\"@type\":\"Organization\",\"@id\":\"https:\/\/matelotvert.fr\/#organization\",\"name\":\"Matelot Vert\",\"url\":\"https:\/\/matelotvert.fr\/\",\"logo\":{\"@type\":\"ImageObject\",\"inLanguage\":\"en-GB\",\"@id\":\"https:\/\/matelotvert.fr\/#\/schema\/logo\/image\/\",\"url\":\"https:\/\/matelotvert.fr\/wp-content\/uploads\/2017\/05\/LOGO_MV.png\",\"contentUrl\":\"https:\/\/matelotvert.fr\/wp-content\/uploads\/2017\/05\/LOGO_MV.png\",\"width\":2370,\"height\":591,\"caption\":\"Matelot Vert\"},\"image\":{\"@id\":\"https:\/\/matelotvert.fr\/#\/schema\/logo\/image\/\"},\"sameAs\":[\"https:\/\/www.facebook.com\/matelotvert\/\",\"https:\/\/www.instagram.com\/matelotvert\/\",\"https:\/\/www.pinterest.fr\/matelotvert\/\"]}]}<\/script>\n<!-- \/ Yoast SEO plugin. -->","yoast_head_json":{"title":"Pochette \u00e0 franges 100% lin - Fabrication Fran\u00e7aise | Matelot Vert","description":"Pochette \u00e0 franges doubl\u00e9e et zip\u00e9e \u00e0 ornement PomPom, Lin 390gr\/m\u00b2 r\u00e9colt\u00e9 et tiss\u00e9 en France dans le respect de l'environnement, Fabriqu\u00e9 en France","robots":{"index":"index","follow":"follow","max-snippet":"max-snippet:-1","max-image-preview":"max-image-preview:large","max-video-preview":"max-video-preview:-1"},"canonical":"https:\/\/matelotvert.fr\/en\/product\/pochette-loulou-gris-bleu\/","og_locale":"en_GB","og_type":"article","og_title":"Pochette \u00e0 franges 100% lin - Fabrication Fran\u00e7aise | Matelot Vert","og_description":"Pochette \u00e0 franges doubl\u00e9e et zip\u00e9e \u00e0 ornement PomPom, Lin 390gr\/m\u00b2 r\u00e9colt\u00e9 et tiss\u00e9 en France dans le respect de l'environnement, Fabriqu\u00e9 en France","og_url":"https:\/\/matelotvert.fr\/en\/product\/pochette-loulou-gris-bleu\/","og_site_name":"Matelot Vert","article_publisher":"https:\/\/www.facebook.com\/matelotvert\/","article_modified_time":"2020-06-16T12:21:01+00:00","og_image":[{"width":1020,"height":1200,"url":"https:\/\/i0.wp.com\/matelotvert.fr\/wp-content\/uploads\/2017\/10\/MATELOT_VERT_LOULOU-GRIS_BLEU.png?fit=1020%2C1200&ssl=1","type":"image\/png"}],"twitter_card":"summary_large_image","schema":{"@context":"https:\/\/schema.org","@graph":[{"@type":"WebPage","@id":"https:\/\/matelotvert.fr\/produit\/pochette-loulou-gris-bleu\/","url":"https:\/\/matelotvert.fr\/produit\/pochette-loulou-gris-bleu\/","name":"Pochette \u00e0 franges 100% lin - Fabrication Fran\u00e7aise | Matelot Vert","isPartOf":{"@id":"https:\/\/matelotvert.fr\/#website"},"primaryImageOfPage":{"@id":"https:\/\/matelotvert.fr\/produit\/pochette-loulou-gris-bleu\/#primaryimage"},"image":{"@id":"https:\/\/matelotvert.fr\/produit\/pochette-loulou-gris-bleu\/#primaryimage"},"thumbnailUrl":"https:\/\/matelotvert.fr\/wp-content\/uploads\/2017\/10\/MATELOT_VERT_LOULOU-GRIS_BLEU.png","datePublished":"2017-10-15T15:39:17+00:00","dateModified":"2020-06-16T12:21:01+00:00","description":"Pochette \u00e0 franges doubl\u00e9e et zip\u00e9e \u00e0 ornement PomPom, Lin 390gr\/m\u00b2 r\u00e9colt\u00e9 et tiss\u00e9 en France dans le respect de l'environnement, Fabriqu\u00e9 en France","breadcrumb":{"@id":"https:\/\/matelotvert.fr\/produit\/pochette-loulou-gris-bleu\/#breadcrumb"},"inLanguage":"en-GB","potentialAction":[{"@type":"ReadAction","target":["https:\/\/matelotvert.fr\/produit\/pochette-loulou-gris-bleu\/"]}]},{"@type":"ImageObject","inLanguage":"en-GB","@id":"https:\/\/matelotvert.fr\/produit\/pochette-loulou-gris-bleu\/#primaryimage","url":"https:\/\/matelotvert.fr\/wp-content\/uploads\/2017\/10\/MATELOT_VERT_LOULOU-GRIS_BLEU.png","contentUrl":"https:\/\/matelotvert.fr\/wp-content\/uploads\/2017\/10\/MATELOT_VERT_LOULOU-GRIS_BLEU.png","width":1020,"height":1200},{"@type":"BreadcrumbList","@id":"https:\/\/matelotvert.fr\/produit\/pochette-loulou-gris-bleu\/#breadcrumb","itemListElement":[{"@type":"ListItem","position":1,"name":"Accueil","item":"https:\/\/matelotvert.fr\/"},{"@type":"ListItem","position":2,"name":"Products","item":"https:\/\/matelotvert.fr\/en\/shop\/"},{"@type":"ListItem","position":3,"name":"Pochette \u00ab\u00a0Loulou\u00a0\u00bb Gris Bleu"}]},{"@type":"WebSite","@id":"https:\/\/matelotvert.fr\/#website","url":"https:\/\/matelotvert.fr\/","name":"Matelot Vert","description":"la d\u00e9co made in Marseille","publisher":{"@id":"https:\/\/matelotvert.fr\/#organization"},"potentialAction":[{"@type":"SearchAction","target":{"@type":"EntryPoint","urlTemplate":"https:\/\/matelotvert.fr\/?s={search_term_string}"},"query-input":{"@type":"PropertyValueSpecification","valueRequired":true,"valueName":"search_term_string"}}],"inLanguage":"en-GB"},{"@type":"Organization","@id":"https:\/\/matelotvert.fr\/#organization","name":"Matelot Vert","url":"https:\/\/matelotvert.fr\/","logo":{"@type":"ImageObject","inLanguage":"en-GB","@id":"https:\/\/matelotvert.fr\/#\/schema\/logo\/image\/","url":"https:\/\/matelotvert.fr\/wp-content\/uploads\/2017\/05\/LOGO_MV.png","contentUrl":"https:\/\/matelotvert.fr\/wp-content\/uploads\/2017\/05\/LOGO_MV.png","width":2370,"height":591,"caption":"Matelot Vert"},"image":{"@id":"https:\/\/matelotvert.fr\/#\/schema\/logo\/image\/"},"sameAs":["https:\/\/www.facebook.com\/matelotvert\/","https:\/\/www.instagram.com\/matelotvert\/","https:\/\/www.pinterest.fr\/matelotvert\/"]}]}},"_links":{"self":[{"href":"https:\/\/matelotvert.fr\/en\/wp-json\/wp\/v2\/product\/1284","targetHints":{"allow":["GET"]}}],"collection":[{"href":"https:\/\/matelotvert.fr\/en\/wp-json\/wp\/v2\/product"}],"about":[{"href":"https:\/\/matelotvert.fr\/en\/wp-json\/wp\/v2\/types\/product"}],"replies":[{"embeddable":true,"href":"https:\/\/matelotvert.fr\/en\/wp-json\/wp\/v2\/comments?post=1284"}],"wp:featuredmedia":[{"embeddable":true,"href":"https:\/\/matelotvert.fr\/en\/wp-json\/wp\/v2\/media\/1383"}],"wp:attachment":[{"href":"https:\/\/matelotvert.fr\/en\/wp-json\/wp\/v2\/media?parent=1284"}],"wp:term":[{"taxonomy":"product_brand","embeddable":true,"href":"https:\/\/matelotvert.fr\/en\/wp-json\/wp\/v2\/product_brand?post=1284"},{"taxonomy":"product_cat","embeddable":true,"href":"https:\/\/matelotvert.fr\/en\/wp-json\/wp\/v2\/product_cat?post=1284"},{"taxonomy":"product_tag","embeddable":true,"href":"https:\/\/matelotvert.fr\/en\/wp-json\/wp\/v2\/product_tag?post=1284"}],"curies":[{"name":"wp","href":"https:\/\/api.w.org\/{rel}","templated":true}]}}