{"id":809,"date":"2017-09-10T19:48:27","date_gmt":"2017-09-10T17:48:27","guid":{"rendered":"https:\/\/matelotvert.fr\/?page_id=809"},"modified":"2017-10-01T11:18:01","modified_gmt":"2017-10-01T09:18:01","slug":"lampes-a-poser","status":"publish","type":"page","link":"https:\/\/matelotvert.fr\/en\/luminaires\/lampes-a-poser\/","title":{"rendered":"Table lamps"},"content":{"rendered":"<div class=\"row large-columns-3 medium-columns- small-columns-2 row-small has-shadow row-box-shadow-2 row-box-shadow-2-hover\" >\n  \n\t     <div class=\"col\" data-animate=\"bounceInRight\">\n\t\t\t\t\t\t<div class=\"col-inner\">\n\t\t\t\t\t\t\n<div class=\"badge-container absolute left top z-1\">\n\n<\/div>\n\t\t\t\t\t\t<div class=\"product-small box has-hover box-normal box-text-bottom\">\n\t\t\t\t\t\t\t<div class=\"box-image\" >\n\t\t\t\t\t\t\t\t<div class=\"\" >\n\t\t\t\t\t\t\t\t\t<a href=\"https:\/\/matelotvert.fr\/en\/product\/lampe-a-poser-brehat-noyer\/\" aria-label=\"Lampe \u00e0 poser BREHAT Noyer\">\n\t\t\t\t\t\t\t\t\t\t<img loading=\"lazy\" decoding=\"async\" width=\"247\" height=\"300\" src=\"https:\/\/matelotvert.fr\/wp-content\/uploads\/2022\/01\/MATELOT_VERT_DETAIL_BREHAT_NOYER-247x300.png\" class=\"show-on-hover absolute fill hide-for-small back-image\" alt=\"Alternative view of Lampe \u00e0 poser BREHAT Noyer\" aria-hidden=\"true\" srcset=\"https:\/\/matelotvert.fr\/wp-content\/uploads\/2022\/01\/MATELOT_VERT_DETAIL_BREHAT_NOYER-247x300.png 247w, https:\/\/matelotvert.fr\/wp-content\/uploads\/2022\/01\/MATELOT_VERT_DETAIL_BREHAT_NOYER-10x12.png 10w\" sizes=\"auto, (max-width: 247px) 100vw, 247px\" \/><img loading=\"lazy\" decoding=\"async\" width=\"247\" height=\"300\" src=\"https:\/\/matelotvert.fr\/wp-content\/uploads\/2022\/01\/MATELOT_VERT_BREHAT_NOYER-247x300.png\" class=\"attachment-woocommerce_thumbnail size-woocommerce_thumbnail\" alt=\"Lampe \u00e0 poser BREHAT Noyer\" srcset=\"https:\/\/matelotvert.fr\/wp-content\/uploads\/2022\/01\/MATELOT_VERT_BREHAT_NOYER-247x300.png 247w, https:\/\/matelotvert.fr\/wp-content\/uploads\/2022\/01\/MATELOT_VERT_BREHAT_NOYER-10x12.png 10w\" sizes=\"auto, (max-width: 247px) 100vw, 247px\" \/>\t\t\t\t\t\t\t\t\t<\/a>\n\t\t\t\t\t\t\t\t\t\t\t\t\t\t\t\t\t\t \t\t\t\t\t\t\t\t<\/div>\n\t\t\t\t\t\t\t\t<div class=\"image-tools top right show-on-hover\">\n\t\t\t\t\t\t\t\t\t\t\t\t\t\t\t\t\t<\/div>\n\t\t\t\t\t\t\t\t\t\t\t\t\t\t\t\t\t<div class=\"image-tools grid-tools text-center hide-for-small bottom hover-slide-in show-on-hover\">\n\t\t\t\t\t\t\t\t\t\t<a href=\"#quick-view\" class=\"quick-view\" role=\"button\" data-prod=\"15498\" aria-haspopup=\"dialog\" aria-expanded=\"false\" data-flatsome-role-button>Quick View<\/a>\t\t\t\t\t\t\t\t\t<\/div>\n\t\t\t\t\t\t\t\t\t\t\t\t\t\t\t\t\t\t\t\t\t\t\t<\/div>\n\n\t\t\t\t\t\t\t<div class=\"box-text text-center\" >\n\t\t\t\t\t\t\t\t<div class=\"title-wrapper\">\t\t<p class=\"category uppercase is-smaller no-text-overflow product-cat op-8\">\n\t\t\tTable lamps\t\t<\/p>\n\t<p class=\"name product-title woocommerce-loop-product__title\"><a href=\"https:\/\/matelotvert.fr\/en\/product\/lampe-a-poser-brehat-noyer\/\" class=\"woocommerce-LoopProduct-link woocommerce-loop-product__link\">Lampe \u00e0 poser BREHAT Noyer<\/a><\/p><\/div><div class=\"price-wrapper\">\n\t<span class=\"price\"><span class=\"woocommerce-Price-amount amount\"><bdi>234,00&nbsp;<span class=\"woocommerce-Price-currencySymbol\">&euro;<\/span><\/bdi><\/span><\/span>\n<\/div>\t\t\t\t\t\t\t<\/div>\n\t\t\t\t\t\t<\/div>\n\t\t\t\t\t\t<\/div>\n\t\t\t\t\t<\/div><div class=\"col\" data-animate=\"bounceInRight\">\n\t\t\t\t\t\t<div class=\"col-inner\">\n\t\t\t\t\t\t\n<div class=\"badge-container absolute left top z-1\">\n\n<\/div>\n\t\t\t\t\t\t<div class=\"product-small box has-hover box-normal box-text-bottom\">\n\t\t\t\t\t\t\t<div class=\"box-image\" >\n\t\t\t\t\t\t\t\t<div class=\"\" >\n\t\t\t\t\t\t\t\t\t<a href=\"https:\/\/matelotvert.fr\/en\/product\/lampe-a-poser-brehat-chene\/\" aria-label=\"BREHAT Oak table lamp\">\n\t\t\t\t\t\t\t\t\t\t<img loading=\"lazy\" decoding=\"async\" width=\"247\" height=\"300\" src=\"https:\/\/matelotvert.fr\/wp-content\/uploads\/2017\/09\/CHENE_DETAIL-1-247x300.png\" class=\"show-on-hover absolute fill hide-for-small back-image\" alt=\"Alternative view of Lampe \u00e0 poser BREHAT Ch\u00eane\" aria-hidden=\"true\" \/><img loading=\"lazy\" decoding=\"async\" width=\"247\" height=\"300\" src=\"https:\/\/matelotvert.fr\/wp-content\/uploads\/2017\/09\/MATELOT_VERT_BREHAT_CHENE-247x300.png\" class=\"attachment-woocommerce_thumbnail size-woocommerce_thumbnail\" alt=\"Lampe \u00e0 poser BREHAT Ch\u00eane\" \/>\t\t\t\t\t\t\t\t\t<\/a>\n\t\t\t\t\t\t\t\t\t\t\t\t\t\t\t\t\t\t \t\t\t\t\t\t\t\t<\/div>\n\t\t\t\t\t\t\t\t<div class=\"image-tools top right show-on-hover\">\n\t\t\t\t\t\t\t\t\t\t\t\t\t\t\t\t\t<\/div>\n\t\t\t\t\t\t\t\t\t\t\t\t\t\t\t\t\t<div class=\"image-tools grid-tools text-center hide-for-small bottom hover-slide-in show-on-hover\">\n\t\t\t\t\t\t\t\t\t\t<a href=\"#quick-view\" class=\"quick-view\" role=\"button\" data-prod=\"935\" aria-haspopup=\"dialog\" aria-expanded=\"false\" data-flatsome-role-button>Quick View<\/a>\t\t\t\t\t\t\t\t\t<\/div>\n\t\t\t\t\t\t\t\t\t\t\t\t\t\t\t\t\t\t\t\t\t\t\t<\/div>\n\n\t\t\t\t\t\t\t<div class=\"box-text text-center\" >\n\t\t\t\t\t\t\t\t<div class=\"title-wrapper\">\t\t<p class=\"category uppercase is-smaller no-text-overflow product-cat op-8\">\n\t\t\tTable lamps\t\t<\/p>\n\t<p class=\"name product-title woocommerce-loop-product__title\"><a href=\"https:\/\/matelotvert.fr\/en\/product\/lampe-a-poser-brehat-chene\/\" class=\"woocommerce-LoopProduct-link woocommerce-loop-product__link\">BREHAT Oak table lamp<\/a><\/p><\/div><div class=\"price-wrapper\">\n\t<span class=\"price\"><span class=\"woocommerce-Price-amount amount\"><bdi>229,00&nbsp;<span class=\"woocommerce-Price-currencySymbol\">&euro;<\/span><\/bdi><\/span><\/span>\n<\/div>\t\t\t\t\t\t\t<\/div>\n\t\t\t\t\t\t<\/div>\n\t\t\t\t\t\t<\/div>\n\t\t\t\t\t<\/div><div class=\"col\" data-animate=\"bounceInRight\">\n\t\t\t\t\t\t<div class=\"col-inner\">\n\t\t\t\t\t\t\n<div class=\"badge-container absolute left top z-1\">\n\n<\/div>\n\t\t\t\t\t\t<div class=\"product-small box has-hover box-normal box-text-bottom\">\n\t\t\t\t\t\t\t<div class=\"box-image\" >\n\t\t\t\t\t\t\t\t<div class=\"\" >\n\t\t\t\t\t\t\t\t\t<a href=\"https:\/\/matelotvert.fr\/en\/product\/lampe-a-poser-wenge\/\" aria-label=\"BREHAT Wenge table lamp\">\n\t\t\t\t\t\t\t\t\t\t<img loading=\"lazy\" decoding=\"async\" width=\"247\" height=\"300\" src=\"https:\/\/matelotvert.fr\/wp-content\/uploads\/2017\/09\/WENGE_DETAIL-247x300.png\" class=\"show-on-hover absolute fill hide-for-small back-image\" alt=\"Alternative view of Lampe \u00e0 poser BREHAT Wenge\" aria-hidden=\"true\" \/><img loading=\"lazy\" decoding=\"async\" width=\"247\" height=\"300\" src=\"https:\/\/matelotvert.fr\/wp-content\/uploads\/2017\/09\/MATELOT_VERT_BREHAT_WENGE-247x300.png\" class=\"attachment-woocommerce_thumbnail size-woocommerce_thumbnail\" alt=\"Lampe \u00e0 poser BREHAT Wenge\" \/>\t\t\t\t\t\t\t\t\t<\/a>\n\t\t\t\t\t\t\t\t\t\t\t\t\t\t\t\t\t\t \t\t\t\t\t\t\t\t<\/div>\n\t\t\t\t\t\t\t\t<div class=\"image-tools top right show-on-hover\">\n\t\t\t\t\t\t\t\t\t\t\t\t\t\t\t\t\t<\/div>\n\t\t\t\t\t\t\t\t\t\t\t\t\t\t\t\t\t<div class=\"image-tools grid-tools text-center hide-for-small bottom hover-slide-in show-on-hover\">\n\t\t\t\t\t\t\t\t\t\t<a href=\"#quick-view\" class=\"quick-view\" role=\"button\" data-prod=\"793\" aria-haspopup=\"dialog\" aria-expanded=\"false\" data-flatsome-role-button>Quick View<\/a>\t\t\t\t\t\t\t\t\t<\/div>\n\t\t\t\t\t\t\t\t\t\t\t\t\t\t\t\t<div class=\"out-of-stock-label\" data-no-translation=\"\" data-trp-gettext=\"\">Rupture de stock<\/div>\t\t\t\t\t\t\t<\/div>\n\n\t\t\t\t\t\t\t<div class=\"box-text text-center\" >\n\t\t\t\t\t\t\t\t<div class=\"title-wrapper\">\t\t<p class=\"category uppercase is-smaller no-text-overflow product-cat op-8\">\n\t\t\tTable lamps\t\t<\/p>\n\t<p class=\"name product-title woocommerce-loop-product__title\"><a href=\"https:\/\/matelotvert.fr\/en\/product\/lampe-a-poser-wenge\/\" class=\"woocommerce-LoopProduct-link woocommerce-loop-product__link\">BREHAT Wenge table lamp<\/a><\/p><\/div><div class=\"price-wrapper\">\n\t<span class=\"price\"><span class=\"woocommerce-Price-amount amount\"><bdi>229,00&nbsp;<span class=\"woocommerce-Price-currencySymbol\">&euro;<\/span><\/bdi><\/span><\/span>\n<\/div>\t\t\t\t\t\t\t<\/div>\n\t\t\t\t\t\t<\/div>\n\t\t\t\t\t\t<\/div>\n\t\t\t\t\t<\/div><\/div>","protected":false},"excerpt":{"rendered":"","protected":false},"author":1,"featured_media":0,"parent":379,"menu_order":0,"comment_status":"closed","ping_status":"closed","template":"page-blank.php","meta":{"footnotes":""},"class_list":["post-809","page","type-page","status-publish","hentry"],"yoast_head":"<!-- This site is optimized with the Yoast SEO plugin v26.4 - https:\/\/yoast.com\/wordpress\/plugins\/seo\/ -->\n<title>Lampe \u00e0 poser con\u00e7ue et fabriqu\u00e9e en France.<\/title>\n<meta name=\"description\" content=\"M\u00e9lange subtil de mat\u00e9riaux tel que le bois et le plexiglas\u00ae qui apportent au design \u00e0 la fois authenticit\u00e9 et modernit\u00e9.\" \/>\n<meta name=\"robots\" content=\"index, follow, max-snippet:-1, max-image-preview:large, max-video-preview:-1\" \/>\n<link rel=\"canonical\" href=\"https:\/\/matelotvert.fr\/en\/luminaires\/lampes-a-poser\/\" \/>\n<meta property=\"og:locale\" content=\"en_GB\" \/>\n<meta property=\"og:type\" content=\"article\" \/>\n<meta property=\"og:title\" content=\"Lampe \u00e0 poser con\u00e7ue et fabriqu\u00e9e en France.\" \/>\n<meta property=\"og:description\" content=\"M\u00e9lange subtil de mat\u00e9riaux tel que le bois et le plexiglas\u00ae qui apportent au design \u00e0 la fois authenticit\u00e9 et modernit\u00e9.\" \/>\n<meta property=\"og:url\" content=\"https:\/\/matelotvert.fr\/en\/luminaires\/lampes-a-poser\/\" \/>\n<meta property=\"og:site_name\" content=\"Matelot Vert\" \/>\n<meta property=\"article:publisher\" content=\"https:\/\/www.facebook.com\/matelotvert\/\" \/>\n<meta property=\"article:modified_time\" content=\"2017-10-01T09:18:01+00:00\" \/>\n<meta name=\"twitter:card\" content=\"summary_large_image\" \/>\n<script type=\"application\/ld+json\" class=\"yoast-schema-graph\">{\"@context\":\"https:\/\/schema.org\",\"@graph\":[{\"@type\":\"WebPage\",\"@id\":\"https:\/\/matelotvert.fr\/luminaires\/lampes-a-poser\/\",\"url\":\"https:\/\/matelotvert.fr\/luminaires\/lampes-a-poser\/\",\"name\":\"Lampe \u00e0 poser con\u00e7ue et fabriqu\u00e9e en France.\",\"isPartOf\":{\"@id\":\"https:\/\/matelotvert.fr\/#website\"},\"datePublished\":\"2017-09-10T17:48:27+00:00\",\"dateModified\":\"2017-10-01T09:18:01+00:00\",\"description\":\"M\u00e9lange subtil de mat\u00e9riaux tel que le bois et le plexiglas\u00ae qui apportent au design \u00e0 la fois authenticit\u00e9 et modernit\u00e9.\",\"breadcrumb\":{\"@id\":\"https:\/\/matelotvert.fr\/luminaires\/lampes-a-poser\/#breadcrumb\"},\"inLanguage\":\"en-GB\",\"potentialAction\":[{\"@type\":\"ReadAction\",\"target\":[\"https:\/\/matelotvert.fr\/luminaires\/lampes-a-poser\/\"]}]},{\"@type\":\"BreadcrumbList\",\"@id\":\"https:\/\/matelotvert.fr\/luminaires\/lampes-a-poser\/#breadcrumb\",\"itemListElement\":[{\"@type\":\"ListItem\",\"position\":1,\"name\":\"Accueil\",\"item\":\"https:\/\/matelotvert.fr\/\"},{\"@type\":\"ListItem\",\"position\":2,\"name\":\"Luminaires\",\"item\":\"https:\/\/matelotvert.fr\/luminaires\/\"},{\"@type\":\"ListItem\",\"position\":3,\"name\":\"Lampes \u00e0 poser\"}]},{\"@type\":\"WebSite\",\"@id\":\"https:\/\/matelotvert.fr\/#website\",\"url\":\"https:\/\/matelotvert.fr\/\",\"name\":\"Matelot Vert\",\"description\":\"la d\u00e9co made in Marseille\",\"publisher\":{\"@id\":\"https:\/\/matelotvert.fr\/#organization\"},\"potentialAction\":[{\"@type\":\"SearchAction\",\"target\":{\"@type\":\"EntryPoint\",\"urlTemplate\":\"https:\/\/matelotvert.fr\/?s={search_term_string}\"},\"query-input\":{\"@type\":\"PropertyValueSpecification\",\"valueRequired\":true,\"valueName\":\"search_term_string\"}}],\"inLanguage\":\"en-GB\"},{\"@type\":\"Organization\",\"@id\":\"https:\/\/matelotvert.fr\/#organization\",\"name\":\"Matelot Vert\",\"url\":\"https:\/\/matelotvert.fr\/\",\"logo\":{\"@type\":\"ImageObject\",\"inLanguage\":\"en-GB\",\"@id\":\"https:\/\/matelotvert.fr\/#\/schema\/logo\/image\/\",\"url\":\"https:\/\/matelotvert.fr\/wp-content\/uploads\/2017\/05\/LOGO_MV.png\",\"contentUrl\":\"https:\/\/matelotvert.fr\/wp-content\/uploads\/2017\/05\/LOGO_MV.png\",\"width\":2370,\"height\":591,\"caption\":\"Matelot Vert\"},\"image\":{\"@id\":\"https:\/\/matelotvert.fr\/#\/schema\/logo\/image\/\"},\"sameAs\":[\"https:\/\/www.facebook.com\/matelotvert\/\",\"https:\/\/www.instagram.com\/matelotvert\/\",\"https:\/\/www.pinterest.fr\/matelotvert\/\"]}]}<\/script>\n<!-- \/ Yoast SEO plugin. -->","yoast_head_json":{"title":"Lampe \u00e0 poser con\u00e7ue et fabriqu\u00e9e en France.","description":"M\u00e9lange subtil de mat\u00e9riaux tel que le bois et le plexiglas\u00ae qui apportent au design \u00e0 la fois authenticit\u00e9 et modernit\u00e9.","robots":{"index":"index","follow":"follow","max-snippet":"max-snippet:-1","max-image-preview":"max-image-preview:large","max-video-preview":"max-video-preview:-1"},"canonical":"https:\/\/matelotvert.fr\/en\/luminaires\/lampes-a-poser\/","og_locale":"en_GB","og_type":"article","og_title":"Lampe \u00e0 poser con\u00e7ue et fabriqu\u00e9e en France.","og_description":"M\u00e9lange subtil de mat\u00e9riaux tel que le bois et le plexiglas\u00ae qui apportent au design \u00e0 la fois authenticit\u00e9 et modernit\u00e9.","og_url":"https:\/\/matelotvert.fr\/en\/luminaires\/lampes-a-poser\/","og_site_name":"Matelot Vert","article_publisher":"https:\/\/www.facebook.com\/matelotvert\/","article_modified_time":"2017-10-01T09:18:01+00:00","twitter_card":"summary_large_image","schema":{"@context":"https:\/\/schema.org","@graph":[{"@type":"WebPage","@id":"https:\/\/matelotvert.fr\/luminaires\/lampes-a-poser\/","url":"https:\/\/matelotvert.fr\/luminaires\/lampes-a-poser\/","name":"Lampe \u00e0 poser con\u00e7ue et fabriqu\u00e9e en France.","isPartOf":{"@id":"https:\/\/matelotvert.fr\/#website"},"datePublished":"2017-09-10T17:48:27+00:00","dateModified":"2017-10-01T09:18:01+00:00","description":"M\u00e9lange subtil de mat\u00e9riaux tel que le bois et le plexiglas\u00ae qui apportent au design \u00e0 la fois authenticit\u00e9 et modernit\u00e9.","breadcrumb":{"@id":"https:\/\/matelotvert.fr\/luminaires\/lampes-a-poser\/#breadcrumb"},"inLanguage":"en-GB","potentialAction":[{"@type":"ReadAction","target":["https:\/\/matelotvert.fr\/luminaires\/lampes-a-poser\/"]}]},{"@type":"BreadcrumbList","@id":"https:\/\/matelotvert.fr\/luminaires\/lampes-a-poser\/#breadcrumb","itemListElement":[{"@type":"ListItem","position":1,"name":"Accueil","item":"https:\/\/matelotvert.fr\/"},{"@type":"ListItem","position":2,"name":"Luminaires","item":"https:\/\/matelotvert.fr\/luminaires\/"},{"@type":"ListItem","position":3,"name":"Lampes \u00e0 poser"}]},{"@type":"WebSite","@id":"https:\/\/matelotvert.fr\/#website","url":"https:\/\/matelotvert.fr\/","name":"Matelot Vert","description":"la d\u00e9co made in Marseille","publisher":{"@id":"https:\/\/matelotvert.fr\/#organization"},"potentialAction":[{"@type":"SearchAction","target":{"@type":"EntryPoint","urlTemplate":"https:\/\/matelotvert.fr\/?s={search_term_string}"},"query-input":{"@type":"PropertyValueSpecification","valueRequired":true,"valueName":"search_term_string"}}],"inLanguage":"en-GB"},{"@type":"Organization","@id":"https:\/\/matelotvert.fr\/#organization","name":"Matelot Vert","url":"https:\/\/matelotvert.fr\/","logo":{"@type":"ImageObject","inLanguage":"en-GB","@id":"https:\/\/matelotvert.fr\/#\/schema\/logo\/image\/","url":"https:\/\/matelotvert.fr\/wp-content\/uploads\/2017\/05\/LOGO_MV.png","contentUrl":"https:\/\/matelotvert.fr\/wp-content\/uploads\/2017\/05\/LOGO_MV.png","width":2370,"height":591,"caption":"Matelot Vert"},"image":{"@id":"https:\/\/matelotvert.fr\/#\/schema\/logo\/image\/"},"sameAs":["https:\/\/www.facebook.com\/matelotvert\/","https:\/\/www.instagram.com\/matelotvert\/","https:\/\/www.pinterest.fr\/matelotvert\/"]}]}},"_links":{"self":[{"href":"https:\/\/matelotvert.fr\/en\/wp-json\/wp\/v2\/pages\/809","targetHints":{"allow":["GET"]}}],"collection":[{"href":"https:\/\/matelotvert.fr\/en\/wp-json\/wp\/v2\/pages"}],"about":[{"href":"https:\/\/matelotvert.fr\/en\/wp-json\/wp\/v2\/types\/page"}],"author":[{"embeddable":true,"href":"https:\/\/matelotvert.fr\/en\/wp-json\/wp\/v2\/users\/1"}],"replies":[{"embeddable":true,"href":"https:\/\/matelotvert.fr\/en\/wp-json\/wp\/v2\/comments?post=809"}],"version-history":[{"count":6,"href":"https:\/\/matelotvert.fr\/en\/wp-json\/wp\/v2\/pages\/809\/revisions"}],"predecessor-version":[{"id":862,"href":"https:\/\/matelotvert.fr\/en\/wp-json\/wp\/v2\/pages\/809\/revisions\/862"}],"up":[{"embeddable":true,"href":"https:\/\/matelotvert.fr\/en\/wp-json\/wp\/v2\/pages\/379"}],"wp:attachment":[{"href":"https:\/\/matelotvert.fr\/en\/wp-json\/wp\/v2\/media?parent=809"}],"curies":[{"name":"wp","href":"https:\/\/api.w.org\/{rel}","templated":true}]}}