{"id":1985,"date":"2019-03-31T18:42:27","date_gmt":"2019-03-31T16:42:27","guid":{"rendered":"https:\/\/matelotvert.fr\/?page_id=1985"},"modified":"2019-03-31T18:51:15","modified_gmt":"2019-03-31T16:51:15","slug":"tote-bags","status":"publish","type":"page","link":"https:\/\/matelotvert.fr\/en\/tote-bags\/","title":{"rendered":"Tote Bags"},"content":{"rendered":"<div class=\"row large-columns-3 medium-columns- small-columns-2 row-normal row-full-width has-shadow row-box-shadow-2 row-box-shadow-5-hover\" >\n  \n\t     <div class=\"col\" data-animate=\"flipInY\">\n\t\t\t\t\t\t<div class=\"col-inner\">\n\t\t\t\t\t\t\n<div class=\"badge-container absolute left top z-1\">\n\n<\/div>\n\t\t\t\t\t\t<div class=\"product-small box has-hover box-normal box-text-bottom\">\n\t\t\t\t\t\t\t<div class=\"box-image\" >\n\t\t\t\t\t\t\t\t<div class=\"\" >\n\t\t\t\t\t\t\t\t\t<a href=\"https:\/\/matelotvert.fr\/en\/product\/tote-bag-riou-ocre\/\" aria-label=\"Tote Bag  revisit\u00e9 &quot;Riou&quot; Ocre\">\n\t\t\t\t\t\t\t\t\t\t<img loading=\"lazy\" decoding=\"async\" width=\"247\" height=\"300\" src=\"https:\/\/matelotvert.fr\/wp-content\/uploads\/2019\/03\/TOTE-BAG-LIN-OCRE-RIOU-03-247x300.jpg\" class=\"show-on-hover absolute fill hide-for-small back-image\" alt=\"Alternative view of Tote Bag  revisit\u00e9 &quot;Riou&quot; Ocre\" aria-hidden=\"true\" \/><img loading=\"lazy\" decoding=\"async\" width=\"247\" height=\"300\" src=\"https:\/\/matelotvert.fr\/wp-content\/uploads\/2019\/03\/TOTE-BAG-LIN-OCRE-RIOU01-247x300.jpg\" class=\"attachment-woocommerce_thumbnail size-woocommerce_thumbnail\" alt=\"Tote Bag  revisit\u00e9 &quot;Riou&quot; Ocre\" \/>\t\t\t\t\t\t\t\t\t<\/a>\n\t\t\t\t\t\t\t\t\t\t\t\t\t\t\t\t\t\t \t\t\t\t\t\t\t\t<\/div>\n\t\t\t\t\t\t\t\t<div class=\"image-tools top right show-on-hover\">\n\t\t\t\t\t\t\t\t\t\t\t\t\t\t\t\t\t<\/div>\n\t\t\t\t\t\t\t\t\t\t\t\t\t\t\t\t\t<div class=\"image-tools grid-tools text-center hide-for-small bottom hover-slide-in show-on-hover\">\n\t\t\t\t\t\t\t\t\t\t<a href=\"#quick-view\" class=\"quick-view\" role=\"button\" data-prod=\"1977\" aria-haspopup=\"dialog\" aria-expanded=\"false\" data-flatsome-role-button>Quick View<\/a>\t\t\t\t\t\t\t\t\t<\/div>\n\t\t\t\t\t\t\t\t\t\t\t\t\t\t\t\t\t\t\t\t\t\t\t<\/div>\n\n\t\t\t\t\t\t\t<div class=\"box-text text-center\" >\n\t\t\t\t\t\t\t\t<div class=\"title-wrapper\">\t\t<p class=\"category uppercase is-smaller no-text-overflow product-cat op-8\">\n\t\t\tAccessories\t\t<\/p>\n\t<p class=\"name product-title woocommerce-loop-product__title\"><a href=\"https:\/\/matelotvert.fr\/en\/product\/tote-bag-riou-ocre\/\" class=\"woocommerce-LoopProduct-link woocommerce-loop-product__link\">Tote Bag revisited \" Riou \" Ochre<\/a><\/p><\/div><div class=\"price-wrapper\">\n\t<span class=\"price\"><span class=\"woocommerce-Price-amount amount\"><bdi>65,00&nbsp;<span class=\"woocommerce-Price-currencySymbol\">&euro;<\/span><\/bdi><\/span><\/span>\n<\/div>\t\t\t\t\t\t\t<\/div>\n\t\t\t\t\t\t<\/div>\n\t\t\t\t\t\t<\/div>\n\t\t\t\t\t<\/div><\/div>","protected":false},"excerpt":{"rendered":"","protected":false},"author":1,"featured_media":0,"parent":0,"menu_order":0,"comment_status":"closed","ping_status":"closed","template":"","meta":{"footnotes":""},"class_list":["post-1985","page","type-page","status-publish","hentry"],"yoast_head":"<!-- This site is optimized with the Yoast SEO plugin v26.4 - https:\/\/yoast.com\/wordpress\/plugins\/seo\/ -->\n<title>Tote bags 100% Lin &quot;Made in Marseille&quot; | Matelot Vert<\/title>\n<meta name=\"description\" content=\"Tote bags doubl\u00e9s avec poches int\u00e9rieures. 100% Lin haut de gamme 310gr\/m\u00b2 r\u00e9colt\u00e9 et tiss\u00e9 en France dans le respect de l&#039;environnement (\u00e9colabel). Fabriqu\u00e9 en France dans notre atelier Marseillais\" \/>\n<meta name=\"robots\" content=\"index, follow, max-snippet:-1, max-image-preview:large, max-video-preview:-1\" \/>\n<link rel=\"canonical\" href=\"https:\/\/matelotvert.fr\/en\/tote-bags\/\" \/>\n<meta property=\"og:locale\" content=\"en_GB\" \/>\n<meta property=\"og:type\" content=\"article\" \/>\n<meta property=\"og:title\" content=\"Tote bags 100% Lin &quot;Made in Marseille&quot; | Matelot Vert\" \/>\n<meta property=\"og:description\" content=\"Tote bags doubl\u00e9s avec poches int\u00e9rieures. 100% Lin haut de gamme 310gr\/m\u00b2 r\u00e9colt\u00e9 et tiss\u00e9 en France dans le respect de l&#039;environnement (\u00e9colabel). Fabriqu\u00e9 en France dans notre atelier Marseillais\" \/>\n<meta property=\"og:url\" content=\"https:\/\/matelotvert.fr\/en\/tote-bags\/\" \/>\n<meta property=\"og:site_name\" content=\"Matelot Vert\" \/>\n<meta property=\"article:publisher\" content=\"https:\/\/www.facebook.com\/matelotvert\/\" \/>\n<meta property=\"article:modified_time\" content=\"2019-03-31T16:51:15+00:00\" \/>\n<meta name=\"twitter:card\" content=\"summary_large_image\" \/>\n<script type=\"application\/ld+json\" class=\"yoast-schema-graph\">{\"@context\":\"https:\/\/schema.org\",\"@graph\":[{\"@type\":\"WebPage\",\"@id\":\"https:\/\/matelotvert.fr\/tote-bags\/\",\"url\":\"https:\/\/matelotvert.fr\/tote-bags\/\",\"name\":\"Tote bags 100% Lin \\\"Made in Marseille\\\" | Matelot Vert\",\"isPartOf\":{\"@id\":\"https:\/\/matelotvert.fr\/#website\"},\"datePublished\":\"2019-03-31T16:42:27+00:00\",\"dateModified\":\"2019-03-31T16:51:15+00:00\",\"description\":\"Tote bags doubl\u00e9s avec poches int\u00e9rieures. 100% Lin haut de gamme 310gr\/m\u00b2 r\u00e9colt\u00e9 et tiss\u00e9 en France dans le respect de l'environnement (\u00e9colabel). Fabriqu\u00e9 en France dans notre atelier Marseillais\",\"breadcrumb\":{\"@id\":\"https:\/\/matelotvert.fr\/tote-bags\/#breadcrumb\"},\"inLanguage\":\"en-GB\",\"potentialAction\":[{\"@type\":\"ReadAction\",\"target\":[\"https:\/\/matelotvert.fr\/tote-bags\/\"]}]},{\"@type\":\"BreadcrumbList\",\"@id\":\"https:\/\/matelotvert.fr\/tote-bags\/#breadcrumb\",\"itemListElement\":[{\"@type\":\"ListItem\",\"position\":1,\"name\":\"Accueil\",\"item\":\"https:\/\/matelotvert.fr\/\"},{\"@type\":\"ListItem\",\"position\":2,\"name\":\"Tote Bags\"}]},{\"@type\":\"WebSite\",\"@id\":\"https:\/\/matelotvert.fr\/#website\",\"url\":\"https:\/\/matelotvert.fr\/\",\"name\":\"Matelot Vert\",\"description\":\"la d\u00e9co made in Marseille\",\"publisher\":{\"@id\":\"https:\/\/matelotvert.fr\/#organization\"},\"potentialAction\":[{\"@type\":\"SearchAction\",\"target\":{\"@type\":\"EntryPoint\",\"urlTemplate\":\"https:\/\/matelotvert.fr\/?s={search_term_string}\"},\"query-input\":{\"@type\":\"PropertyValueSpecification\",\"valueRequired\":true,\"valueName\":\"search_term_string\"}}],\"inLanguage\":\"en-GB\"},{\"@type\":\"Organization\",\"@id\":\"https:\/\/matelotvert.fr\/#organization\",\"name\":\"Matelot Vert\",\"url\":\"https:\/\/matelotvert.fr\/\",\"logo\":{\"@type\":\"ImageObject\",\"inLanguage\":\"en-GB\",\"@id\":\"https:\/\/matelotvert.fr\/#\/schema\/logo\/image\/\",\"url\":\"https:\/\/matelotvert.fr\/wp-content\/uploads\/2017\/05\/LOGO_MV.png\",\"contentUrl\":\"https:\/\/matelotvert.fr\/wp-content\/uploads\/2017\/05\/LOGO_MV.png\",\"width\":2370,\"height\":591,\"caption\":\"Matelot Vert\"},\"image\":{\"@id\":\"https:\/\/matelotvert.fr\/#\/schema\/logo\/image\/\"},\"sameAs\":[\"https:\/\/www.facebook.com\/matelotvert\/\",\"https:\/\/www.instagram.com\/matelotvert\/\",\"https:\/\/www.pinterest.fr\/matelotvert\/\"]}]}<\/script>\n<!-- \/ Yoast SEO plugin. -->","yoast_head_json":{"title":"Tote bags 100% Lin \"Made in Marseille\" | Matelot Vert","description":"Tote bags doubl\u00e9s avec poches int\u00e9rieures. 100% Lin haut de gamme 310gr\/m\u00b2 r\u00e9colt\u00e9 et tiss\u00e9 en France dans le respect de l'environnement (\u00e9colabel). Fabriqu\u00e9 en France dans notre atelier Marseillais","robots":{"index":"index","follow":"follow","max-snippet":"max-snippet:-1","max-image-preview":"max-image-preview:large","max-video-preview":"max-video-preview:-1"},"canonical":"https:\/\/matelotvert.fr\/en\/tote-bags\/","og_locale":"en_GB","og_type":"article","og_title":"Tote bags 100% Lin \"Made in Marseille\" | Matelot Vert","og_description":"Tote bags doubl\u00e9s avec poches int\u00e9rieures. 100% Lin haut de gamme 310gr\/m\u00b2 r\u00e9colt\u00e9 et tiss\u00e9 en France dans le respect de l'environnement (\u00e9colabel). Fabriqu\u00e9 en France dans notre atelier Marseillais","og_url":"https:\/\/matelotvert.fr\/en\/tote-bags\/","og_site_name":"Matelot Vert","article_publisher":"https:\/\/www.facebook.com\/matelotvert\/","article_modified_time":"2019-03-31T16:51:15+00:00","twitter_card":"summary_large_image","schema":{"@context":"https:\/\/schema.org","@graph":[{"@type":"WebPage","@id":"https:\/\/matelotvert.fr\/tote-bags\/","url":"https:\/\/matelotvert.fr\/tote-bags\/","name":"Tote bags 100% Lin \"Made in Marseille\" | Matelot Vert","isPartOf":{"@id":"https:\/\/matelotvert.fr\/#website"},"datePublished":"2019-03-31T16:42:27+00:00","dateModified":"2019-03-31T16:51:15+00:00","description":"Tote bags doubl\u00e9s avec poches int\u00e9rieures. 100% Lin haut de gamme 310gr\/m\u00b2 r\u00e9colt\u00e9 et tiss\u00e9 en France dans le respect de l'environnement (\u00e9colabel). Fabriqu\u00e9 en France dans notre atelier Marseillais","breadcrumb":{"@id":"https:\/\/matelotvert.fr\/tote-bags\/#breadcrumb"},"inLanguage":"en-GB","potentialAction":[{"@type":"ReadAction","target":["https:\/\/matelotvert.fr\/tote-bags\/"]}]},{"@type":"BreadcrumbList","@id":"https:\/\/matelotvert.fr\/tote-bags\/#breadcrumb","itemListElement":[{"@type":"ListItem","position":1,"name":"Accueil","item":"https:\/\/matelotvert.fr\/"},{"@type":"ListItem","position":2,"name":"Tote Bags"}]},{"@type":"WebSite","@id":"https:\/\/matelotvert.fr\/#website","url":"https:\/\/matelotvert.fr\/","name":"Matelot Vert","description":"la d\u00e9co made in Marseille","publisher":{"@id":"https:\/\/matelotvert.fr\/#organization"},"potentialAction":[{"@type":"SearchAction","target":{"@type":"EntryPoint","urlTemplate":"https:\/\/matelotvert.fr\/?s={search_term_string}"},"query-input":{"@type":"PropertyValueSpecification","valueRequired":true,"valueName":"search_term_string"}}],"inLanguage":"en-GB"},{"@type":"Organization","@id":"https:\/\/matelotvert.fr\/#organization","name":"Matelot Vert","url":"https:\/\/matelotvert.fr\/","logo":{"@type":"ImageObject","inLanguage":"en-GB","@id":"https:\/\/matelotvert.fr\/#\/schema\/logo\/image\/","url":"https:\/\/matelotvert.fr\/wp-content\/uploads\/2017\/05\/LOGO_MV.png","contentUrl":"https:\/\/matelotvert.fr\/wp-content\/uploads\/2017\/05\/LOGO_MV.png","width":2370,"height":591,"caption":"Matelot Vert"},"image":{"@id":"https:\/\/matelotvert.fr\/#\/schema\/logo\/image\/"},"sameAs":["https:\/\/www.facebook.com\/matelotvert\/","https:\/\/www.instagram.com\/matelotvert\/","https:\/\/www.pinterest.fr\/matelotvert\/"]}]}},"_links":{"self":[{"href":"https:\/\/matelotvert.fr\/en\/wp-json\/wp\/v2\/pages\/1985","targetHints":{"allow":["GET"]}}],"collection":[{"href":"https:\/\/matelotvert.fr\/en\/wp-json\/wp\/v2\/pages"}],"about":[{"href":"https:\/\/matelotvert.fr\/en\/wp-json\/wp\/v2\/types\/page"}],"author":[{"embeddable":true,"href":"https:\/\/matelotvert.fr\/en\/wp-json\/wp\/v2\/users\/1"}],"replies":[{"embeddable":true,"href":"https:\/\/matelotvert.fr\/en\/wp-json\/wp\/v2\/comments?post=1985"}],"version-history":[{"count":3,"href":"https:\/\/matelotvert.fr\/en\/wp-json\/wp\/v2\/pages\/1985\/revisions"}],"predecessor-version":[{"id":1990,"href":"https:\/\/matelotvert.fr\/en\/wp-json\/wp\/v2\/pages\/1985\/revisions\/1990"}],"wp:attachment":[{"href":"https:\/\/matelotvert.fr\/en\/wp-json\/wp\/v2\/media?parent=1985"}],"curies":[{"name":"wp","href":"https:\/\/api.w.org\/{rel}","templated":true}]}}