{"id":1902,"date":"2018-06-03T18:43:54","date_gmt":"2018-06-03T16:43:54","guid":{"rendered":"https:\/\/matelotvert.fr\/?page_id=1902"},"modified":"2019-03-31T18:43:34","modified_gmt":"2019-03-31T16:43:34","slug":"sacs-cabas","status":"publish","type":"page","link":"https:\/\/matelotvert.fr\/en\/accessoires\/sacs-cabas\/","title":{"rendered":"Shopping bags"},"content":{"rendered":"<div class=\"row large-columns-3 medium-columns- small-columns-2 row-normal row-full-width has-shadow row-box-shadow-2 row-box-shadow-5-hover\" >\n  \n\t     <div class=\"col\" data-animate=\"flipInY\">\n\t\t\t\t\t\t<div class=\"col-inner\">\n\t\t\t\t\t\t\n<div class=\"badge-container absolute left top z-1\">\n\n<\/div>\n\t\t\t\t\t\t<div class=\"product-small box has-hover box-normal box-text-bottom\">\n\t\t\t\t\t\t\t<div class=\"box-image\" >\n\t\t\t\t\t\t\t\t<div class=\"image-zoom-long\" >\n\t\t\t\t\t\t\t\t\t<a href=\"https:\/\/matelotvert.fr\/en\/product\/sac-cabas-frioul-kaki\/\" aria-label=\"Sac Cabas &quot;Frioul&quot; Kaki\">\n\t\t\t\t\t\t\t\t\t\t<img loading=\"lazy\" decoding=\"async\" width=\"247\" height=\"300\" src=\"https:\/\/matelotvert.fr\/wp-content\/uploads\/2018\/06\/SAC_CABAS_COTON_KAKI_FRIOUL_01-247x300.jpg\" class=\"show-on-hover absolute fill hide-for-small back-image\" alt=\"Alternative view of Sac Cabas &quot;Frioul&quot; Kaki\" aria-hidden=\"true\" \/><img loading=\"lazy\" decoding=\"async\" width=\"680\" height=\"800\" src=\"https:\/\/matelotvert.fr\/wp-content\/uploads\/2018\/06\/SAC_CABAS_COTON_KAKI_FRIOUL-680x800.jpg\" class=\"attachment-large size-large\" alt=\"Sac Cabas &quot;Frioul&quot; Kaki\" srcset=\"https:\/\/matelotvert.fr\/wp-content\/uploads\/2018\/06\/SAC_CABAS_COTON_KAKI_FRIOUL-680x800.jpg 680w, https:\/\/matelotvert.fr\/wp-content\/uploads\/2018\/06\/SAC_CABAS_COTON_KAKI_FRIOUL-340x400.jpg 340w, https:\/\/matelotvert.fr\/wp-content\/uploads\/2018\/06\/SAC_CABAS_COTON_KAKI_FRIOUL-768x904.jpg 768w, https:\/\/matelotvert.fr\/wp-content\/uploads\/2018\/06\/SAC_CABAS_COTON_KAKI_FRIOUL-510x600.jpg 510w, https:\/\/matelotvert.fr\/wp-content\/uploads\/2018\/06\/SAC_CABAS_COTON_KAKI_FRIOUL.jpg 1020w\" sizes=\"auto, (max-width: 680px) 100vw, 680px\" \/>\t\t\t\t\t\t\t\t\t<\/a>\n\t\t\t\t\t\t\t\t\t\t\t\t\t\t\t\t\t\t \t\t\t\t\t\t\t\t<\/div>\n\t\t\t\t\t\t\t\t<div class=\"image-tools top right show-on-hover\">\n\t\t\t\t\t\t\t\t\t\t\t\t\t\t\t\t\t<\/div>\n\t\t\t\t\t\t\t\t\t\t\t\t\t\t\t\t\t<div class=\"image-tools grid-tools text-center hide-for-small bottom hover-slide-in show-on-hover\">\n\t\t\t\t\t\t\t\t\t\t<a href=\"#quick-view\" class=\"quick-view\" role=\"button\" data-prod=\"1897\" aria-haspopup=\"dialog\" aria-expanded=\"false\" data-flatsome-role-button>Quick View<\/a>\t\t\t\t\t\t\t\t\t<\/div>\n\t\t\t\t\t\t\t\t\t\t\t\t\t\t\t\t<div class=\"out-of-stock-label\" data-no-translation=\"\" data-trp-gettext=\"\">Rupture de stock<\/div>\t\t\t\t\t\t\t<\/div>\n\n\t\t\t\t\t\t\t<div class=\"box-text text-center\" >\n\t\t\t\t\t\t\t\t<div class=\"title-wrapper\">\t\t<p class=\"category uppercase is-smaller no-text-overflow product-cat op-8\">\n\t\t\tAccessories\t\t<\/p>\n\t<p class=\"name product-title woocommerce-loop-product__title\"><a href=\"https:\/\/matelotvert.fr\/en\/product\/sac-cabas-frioul-kaki\/\" class=\"woocommerce-LoopProduct-link woocommerce-loop-product__link\">Sac Cabas \u00ab\u00a0Frioul\u00a0\u00bb Kaki<\/a><\/p><\/div><div class=\"price-wrapper\">\n\t<span class=\"price\"><span class=\"woocommerce-Price-amount amount\"><bdi>69,00&nbsp;<span class=\"woocommerce-Price-currencySymbol\">&euro;<\/span><\/bdi><\/span><\/span>\n<\/div>\t\t\t\t\t\t\t<\/div>\n\t\t\t\t\t\t<\/div>\n\t\t\t\t\t\t<\/div>\n\t\t\t\t\t<\/div><div class=\"col\" data-animate=\"flipInY\">\n\t\t\t\t\t\t<div class=\"col-inner\">\n\t\t\t\t\t\t\n<div class=\"badge-container absolute left top z-1\">\n\n<\/div>\n\t\t\t\t\t\t<div class=\"product-small box has-hover box-normal box-text-bottom\">\n\t\t\t\t\t\t\t<div class=\"box-image\" >\n\t\t\t\t\t\t\t\t<div class=\"image-zoom-long\" >\n\t\t\t\t\t\t\t\t\t<a href=\"https:\/\/matelotvert.fr\/en\/product\/sac-cabas-frioul-galet\/\" aria-label=\"Sac Cabas &quot;Frioul&quot; Galet\">\n\t\t\t\t\t\t\t\t\t\t<img loading=\"lazy\" decoding=\"async\" width=\"247\" height=\"300\" src=\"https:\/\/matelotvert.fr\/wp-content\/uploads\/2018\/06\/SAC_CABAS_LIN_GALET_FRIOUL_01-247x300.jpg\" class=\"show-on-hover absolute fill hide-for-small back-image\" alt=\"Alternative view of Sac Cabas &quot;Frioul&quot; Galet\" aria-hidden=\"true\" \/><img loading=\"lazy\" decoding=\"async\" width=\"680\" height=\"800\" src=\"https:\/\/matelotvert.fr\/wp-content\/uploads\/2018\/06\/SAC_CABAS_LIN_GALET_FRIOUL-680x800.jpg\" class=\"attachment-large size-large\" alt=\"Sac Cabas &quot;Frioul&quot; Galet\" srcset=\"https:\/\/matelotvert.fr\/wp-content\/uploads\/2018\/06\/SAC_CABAS_LIN_GALET_FRIOUL-680x800.jpg 680w, https:\/\/matelotvert.fr\/wp-content\/uploads\/2018\/06\/SAC_CABAS_LIN_GALET_FRIOUL-340x400.jpg 340w, https:\/\/matelotvert.fr\/wp-content\/uploads\/2018\/06\/SAC_CABAS_LIN_GALET_FRIOUL-768x904.jpg 768w, https:\/\/matelotvert.fr\/wp-content\/uploads\/2018\/06\/SAC_CABAS_LIN_GALET_FRIOUL-510x600.jpg 510w, https:\/\/matelotvert.fr\/wp-content\/uploads\/2018\/06\/SAC_CABAS_LIN_GALET_FRIOUL.jpg 1020w\" sizes=\"auto, (max-width: 680px) 100vw, 680px\" \/>\t\t\t\t\t\t\t\t\t<\/a>\n\t\t\t\t\t\t\t\t\t\t\t\t\t\t\t\t\t\t \t\t\t\t\t\t\t\t<\/div>\n\t\t\t\t\t\t\t\t<div class=\"image-tools top right show-on-hover\">\n\t\t\t\t\t\t\t\t\t\t\t\t\t\t\t\t\t<\/div>\n\t\t\t\t\t\t\t\t\t\t\t\t\t\t\t\t\t<div class=\"image-tools grid-tools text-center hide-for-small bottom hover-slide-in show-on-hover\">\n\t\t\t\t\t\t\t\t\t\t<a href=\"#quick-view\" class=\"quick-view\" role=\"button\" data-prod=\"1892\" aria-haspopup=\"dialog\" aria-expanded=\"false\" data-flatsome-role-button>Quick View<\/a>\t\t\t\t\t\t\t\t\t<\/div>\n\t\t\t\t\t\t\t\t\t\t\t\t\t\t\t\t<div class=\"out-of-stock-label\" data-no-translation=\"\" data-trp-gettext=\"\">Rupture de stock<\/div>\t\t\t\t\t\t\t<\/div>\n\n\t\t\t\t\t\t\t<div class=\"box-text text-center\" >\n\t\t\t\t\t\t\t\t<div class=\"title-wrapper\">\t\t<p class=\"category uppercase is-smaller no-text-overflow product-cat op-8\">\n\t\t\tAccessories\t\t<\/p>\n\t<p class=\"name product-title woocommerce-loop-product__title\"><a href=\"https:\/\/matelotvert.fr\/en\/product\/sac-cabas-frioul-galet\/\" class=\"woocommerce-LoopProduct-link woocommerce-loop-product__link\">Sac Cabas \u00ab\u00a0Frioul\u00a0\u00bb Galet<\/a><\/p><\/div><div class=\"price-wrapper\">\n\t<span class=\"price\"><span class=\"woocommerce-Price-amount amount\"><bdi>69,00&nbsp;<span class=\"woocommerce-Price-currencySymbol\">&euro;<\/span><\/bdi><\/span><\/span>\n<\/div>\t\t\t\t\t\t\t<\/div>\n\t\t\t\t\t\t<\/div>\n\t\t\t\t\t\t<\/div>\n\t\t\t\t\t<\/div><div class=\"col\" data-animate=\"flipInY\">\n\t\t\t\t\t\t<div class=\"col-inner\">\n\t\t\t\t\t\t\n<div class=\"badge-container absolute left top z-1\">\n\n<\/div>\n\t\t\t\t\t\t<div class=\"product-small box has-hover box-normal box-text-bottom\">\n\t\t\t\t\t\t\t<div class=\"box-image\" >\n\t\t\t\t\t\t\t\t<div class=\"image-zoom-long\" >\n\t\t\t\t\t\t\t\t\t<a href=\"https:\/\/matelotvert.fr\/en\/product\/sacs-cabas-frioul-bleu-paon\/\" aria-label=\"Sac Cabas &quot;Frioul&quot; Bleu Paon\">\n\t\t\t\t\t\t\t\t\t\t<img loading=\"lazy\" decoding=\"async\" width=\"247\" height=\"300\" src=\"https:\/\/matelotvert.fr\/wp-content\/uploads\/2018\/06\/SAC_CABAS_LIN_BLEU_PAON_FRIOUL_01-247x300.jpg\" class=\"show-on-hover absolute fill hide-for-small back-image\" alt=\"Alternative view of Sac Cabas &quot;Frioul&quot; Bleu Paon\" aria-hidden=\"true\" \/><img loading=\"lazy\" decoding=\"async\" width=\"680\" height=\"800\" src=\"https:\/\/matelotvert.fr\/wp-content\/uploads\/2018\/06\/SAC_CABAS_LIN_BLEU_PAON_FRIOUL-680x800.jpg\" class=\"attachment-large size-large\" alt=\"Sac Cabas &quot;Frioul&quot; Bleu Paon\" srcset=\"https:\/\/matelotvert.fr\/wp-content\/uploads\/2018\/06\/SAC_CABAS_LIN_BLEU_PAON_FRIOUL-680x800.jpg 680w, https:\/\/matelotvert.fr\/wp-content\/uploads\/2018\/06\/SAC_CABAS_LIN_BLEU_PAON_FRIOUL-340x400.jpg 340w, https:\/\/matelotvert.fr\/wp-content\/uploads\/2018\/06\/SAC_CABAS_LIN_BLEU_PAON_FRIOUL-768x904.jpg 768w, https:\/\/matelotvert.fr\/wp-content\/uploads\/2018\/06\/SAC_CABAS_LIN_BLEU_PAON_FRIOUL-510x600.jpg 510w, https:\/\/matelotvert.fr\/wp-content\/uploads\/2018\/06\/SAC_CABAS_LIN_BLEU_PAON_FRIOUL.jpg 1020w\" sizes=\"auto, (max-width: 680px) 100vw, 680px\" \/>\t\t\t\t\t\t\t\t\t<\/a>\n\t\t\t\t\t\t\t\t\t\t\t\t\t\t\t\t\t\t \t\t\t\t\t\t\t\t<\/div>\n\t\t\t\t\t\t\t\t<div class=\"image-tools top right show-on-hover\">\n\t\t\t\t\t\t\t\t\t\t\t\t\t\t\t\t\t<\/div>\n\t\t\t\t\t\t\t\t\t\t\t\t\t\t\t\t\t<div class=\"image-tools grid-tools text-center hide-for-small bottom hover-slide-in show-on-hover\">\n\t\t\t\t\t\t\t\t\t\t<a href=\"#quick-view\" class=\"quick-view\" role=\"button\" data-prod=\"1887\" aria-haspopup=\"dialog\" aria-expanded=\"false\" data-flatsome-role-button>Quick View<\/a>\t\t\t\t\t\t\t\t\t<\/div>\n\t\t\t\t\t\t\t\t\t\t\t\t\t\t\t\t<div class=\"out-of-stock-label\" data-no-translation=\"\" data-trp-gettext=\"\">Rupture de stock<\/div>\t\t\t\t\t\t\t<\/div>\n\n\t\t\t\t\t\t\t<div class=\"box-text text-center\" >\n\t\t\t\t\t\t\t\t<div class=\"title-wrapper\">\t\t<p class=\"category uppercase is-smaller no-text-overflow product-cat op-8\">\n\t\t\tAccessories\t\t<\/p>\n\t<p class=\"name product-title woocommerce-loop-product__title\"><a href=\"https:\/\/matelotvert.fr\/en\/product\/sacs-cabas-frioul-bleu-paon\/\" class=\"woocommerce-LoopProduct-link woocommerce-loop-product__link\">Sac Cabas \u00ab\u00a0Frioul\u00a0\u00bb Bleu Paon<\/a><\/p><\/div><div class=\"price-wrapper\">\n\t<span class=\"price\"><span class=\"woocommerce-Price-amount amount\"><bdi>69,00&nbsp;<span class=\"woocommerce-Price-currencySymbol\">&euro;<\/span><\/bdi><\/span><\/span>\n<\/div>\t\t\t\t\t\t\t<\/div>\n\t\t\t\t\t\t<\/div>\n\t\t\t\t\t\t<\/div>\n\t\t\t\t\t<\/div><\/div>","protected":false},"excerpt":{"rendered":"","protected":false},"author":1,"featured_media":1886,"parent":1267,"menu_order":0,"comment_status":"closed","ping_status":"closed","template":"","meta":{"footnotes":""},"class_list":["post-1902","page","type-page","status-publish","has-post-thumbnail","hentry"],"yoast_head":"<!-- This site is optimized with the Yoast SEO plugin v26.4 - https:\/\/yoast.com\/wordpress\/plugins\/seo\/ -->\n<title>Sacs Cabas 100% Lin &quot;Made in Marseille&quot; | Matelot Vert<\/title>\n<meta name=\"description\" content=\"Sacs cabas doubl\u00e9s avec poches ext\u00e9rieures et poches int\u00e9rieures. 100% Lin haut de gamme 360gr\/m\u00b2 r\u00e9colt\u00e9 et tiss\u00e9 en France dans le respect de l&#039;environnement (\u00e9colabel). Fabriqu\u00e9 en France dans notre atelier Marseillais\" \/>\n<meta name=\"robots\" content=\"index, follow, max-snippet:-1, max-image-preview:large, max-video-preview:-1\" \/>\n<link rel=\"canonical\" href=\"https:\/\/matelotvert.fr\/en\/accessoires\/sacs-cabas\/\" \/>\n<meta property=\"og:locale\" content=\"en_GB\" \/>\n<meta property=\"og:type\" content=\"article\" \/>\n<meta property=\"og:title\" content=\"Sacs Cabas 100% Lin &quot;Made in Marseille&quot; | Matelot Vert\" \/>\n<meta property=\"og:description\" content=\"Sacs cabas doubl\u00e9s avec poches ext\u00e9rieures et poches int\u00e9rieures. 100% Lin haut de gamme 360gr\/m\u00b2 r\u00e9colt\u00e9 et tiss\u00e9 en France dans le respect de l&#039;environnement (\u00e9colabel). Fabriqu\u00e9 en France dans notre atelier Marseillais\" \/>\n<meta property=\"og:url\" content=\"https:\/\/matelotvert.fr\/en\/accessoires\/sacs-cabas\/\" \/>\n<meta property=\"og:site_name\" content=\"Matelot Vert\" \/>\n<meta property=\"article:publisher\" content=\"https:\/\/www.facebook.com\/matelotvert\/\" \/>\n<meta property=\"article:modified_time\" content=\"2019-03-31T16:43:34+00:00\" \/>\n<meta property=\"og:image\" content=\"https:\/\/i0.wp.com\/matelotvert.fr\/wp-content\/uploads\/2018\/06\/SACS_CABAS_FRIOUL.jpg?fit=1020%2C1200&ssl=1\" \/>\n\t<meta property=\"og:image:width\" content=\"1020\" \/>\n\t<meta property=\"og:image:height\" content=\"1200\" \/>\n\t<meta property=\"og:image:type\" content=\"image\/jpeg\" \/>\n<meta name=\"twitter:card\" content=\"summary_large_image\" \/>\n<script type=\"application\/ld+json\" class=\"yoast-schema-graph\">{\"@context\":\"https:\/\/schema.org\",\"@graph\":[{\"@type\":\"WebPage\",\"@id\":\"https:\/\/matelotvert.fr\/accessoires\/sacs-cabas\/\",\"url\":\"https:\/\/matelotvert.fr\/accessoires\/sacs-cabas\/\",\"name\":\"Sacs Cabas 100% Lin \\\"Made in Marseille\\\" | Matelot Vert\",\"isPartOf\":{\"@id\":\"https:\/\/matelotvert.fr\/#website\"},\"primaryImageOfPage\":{\"@id\":\"https:\/\/matelotvert.fr\/accessoires\/sacs-cabas\/#primaryimage\"},\"image\":{\"@id\":\"https:\/\/matelotvert.fr\/accessoires\/sacs-cabas\/#primaryimage\"},\"thumbnailUrl\":\"https:\/\/matelotvert.fr\/wp-content\/uploads\/2018\/06\/SACS_CABAS_FRIOUL.jpg\",\"datePublished\":\"2018-06-03T16:43:54+00:00\",\"dateModified\":\"2019-03-31T16:43:34+00:00\",\"description\":\"Sacs cabas doubl\u00e9s avec poches ext\u00e9rieures et poches int\u00e9rieures. 100% Lin haut de gamme 360gr\/m\u00b2 r\u00e9colt\u00e9 et tiss\u00e9 en France dans le respect de l'environnement (\u00e9colabel). Fabriqu\u00e9 en France dans notre atelier Marseillais\",\"breadcrumb\":{\"@id\":\"https:\/\/matelotvert.fr\/accessoires\/sacs-cabas\/#breadcrumb\"},\"inLanguage\":\"en-GB\",\"potentialAction\":[{\"@type\":\"ReadAction\",\"target\":[\"https:\/\/matelotvert.fr\/accessoires\/sacs-cabas\/\"]}]},{\"@type\":\"ImageObject\",\"inLanguage\":\"en-GB\",\"@id\":\"https:\/\/matelotvert.fr\/accessoires\/sacs-cabas\/#primaryimage\",\"url\":\"https:\/\/matelotvert.fr\/wp-content\/uploads\/2018\/06\/SACS_CABAS_FRIOUL.jpg\",\"contentUrl\":\"https:\/\/matelotvert.fr\/wp-content\/uploads\/2018\/06\/SACS_CABAS_FRIOUL.jpg\",\"width\":1020,\"height\":1200},{\"@type\":\"BreadcrumbList\",\"@id\":\"https:\/\/matelotvert.fr\/accessoires\/sacs-cabas\/#breadcrumb\",\"itemListElement\":[{\"@type\":\"ListItem\",\"position\":1,\"name\":\"Accueil\",\"item\":\"https:\/\/matelotvert.fr\/\"},{\"@type\":\"ListItem\",\"position\":2,\"name\":\"Accessoires\",\"item\":\"https:\/\/matelotvert.fr\/accessoires\/\"},{\"@type\":\"ListItem\",\"position\":3,\"name\":\"Sacs Cabas\"}]},{\"@type\":\"WebSite\",\"@id\":\"https:\/\/matelotvert.fr\/#website\",\"url\":\"https:\/\/matelotvert.fr\/\",\"name\":\"Matelot Vert\",\"description\":\"la d\u00e9co made in Marseille\",\"publisher\":{\"@id\":\"https:\/\/matelotvert.fr\/#organization\"},\"potentialAction\":[{\"@type\":\"SearchAction\",\"target\":{\"@type\":\"EntryPoint\",\"urlTemplate\":\"https:\/\/matelotvert.fr\/?s={search_term_string}\"},\"query-input\":{\"@type\":\"PropertyValueSpecification\",\"valueRequired\":true,\"valueName\":\"search_term_string\"}}],\"inLanguage\":\"en-GB\"},{\"@type\":\"Organization\",\"@id\":\"https:\/\/matelotvert.fr\/#organization\",\"name\":\"Matelot Vert\",\"url\":\"https:\/\/matelotvert.fr\/\",\"logo\":{\"@type\":\"ImageObject\",\"inLanguage\":\"en-GB\",\"@id\":\"https:\/\/matelotvert.fr\/#\/schema\/logo\/image\/\",\"url\":\"https:\/\/matelotvert.fr\/wp-content\/uploads\/2017\/05\/LOGO_MV.png\",\"contentUrl\":\"https:\/\/matelotvert.fr\/wp-content\/uploads\/2017\/05\/LOGO_MV.png\",\"width\":2370,\"height\":591,\"caption\":\"Matelot Vert\"},\"image\":{\"@id\":\"https:\/\/matelotvert.fr\/#\/schema\/logo\/image\/\"},\"sameAs\":[\"https:\/\/www.facebook.com\/matelotvert\/\",\"https:\/\/www.instagram.com\/matelotvert\/\",\"https:\/\/www.pinterest.fr\/matelotvert\/\"]}]}<\/script>\n<!-- \/ Yoast SEO plugin. -->","yoast_head_json":{"title":"Sacs Cabas 100% Lin \"Made in Marseille\" | Matelot Vert","description":"Sacs cabas doubl\u00e9s avec poches ext\u00e9rieures et poches int\u00e9rieures. 100% Lin haut de gamme 360gr\/m\u00b2 r\u00e9colt\u00e9 et tiss\u00e9 en France dans le respect de l'environnement (\u00e9colabel). Fabriqu\u00e9 en France dans notre atelier Marseillais","robots":{"index":"index","follow":"follow","max-snippet":"max-snippet:-1","max-image-preview":"max-image-preview:large","max-video-preview":"max-video-preview:-1"},"canonical":"https:\/\/matelotvert.fr\/en\/accessoires\/sacs-cabas\/","og_locale":"en_GB","og_type":"article","og_title":"Sacs Cabas 100% Lin \"Made in Marseille\" | Matelot Vert","og_description":"Sacs cabas doubl\u00e9s avec poches ext\u00e9rieures et poches int\u00e9rieures. 100% Lin haut de gamme 360gr\/m\u00b2 r\u00e9colt\u00e9 et tiss\u00e9 en France dans le respect de l'environnement (\u00e9colabel). Fabriqu\u00e9 en France dans notre atelier Marseillais","og_url":"https:\/\/matelotvert.fr\/en\/accessoires\/sacs-cabas\/","og_site_name":"Matelot Vert","article_publisher":"https:\/\/www.facebook.com\/matelotvert\/","article_modified_time":"2019-03-31T16:43:34+00:00","og_image":[{"width":1020,"height":1200,"url":"https:\/\/i0.wp.com\/matelotvert.fr\/wp-content\/uploads\/2018\/06\/SACS_CABAS_FRIOUL.jpg?fit=1020%2C1200&ssl=1","type":"image\/jpeg"}],"twitter_card":"summary_large_image","schema":{"@context":"https:\/\/schema.org","@graph":[{"@type":"WebPage","@id":"https:\/\/matelotvert.fr\/accessoires\/sacs-cabas\/","url":"https:\/\/matelotvert.fr\/accessoires\/sacs-cabas\/","name":"Sacs Cabas 100% Lin \"Made in Marseille\" | Matelot Vert","isPartOf":{"@id":"https:\/\/matelotvert.fr\/#website"},"primaryImageOfPage":{"@id":"https:\/\/matelotvert.fr\/accessoires\/sacs-cabas\/#primaryimage"},"image":{"@id":"https:\/\/matelotvert.fr\/accessoires\/sacs-cabas\/#primaryimage"},"thumbnailUrl":"https:\/\/matelotvert.fr\/wp-content\/uploads\/2018\/06\/SACS_CABAS_FRIOUL.jpg","datePublished":"2018-06-03T16:43:54+00:00","dateModified":"2019-03-31T16:43:34+00:00","description":"Sacs cabas doubl\u00e9s avec poches ext\u00e9rieures et poches int\u00e9rieures. 100% Lin haut de gamme 360gr\/m\u00b2 r\u00e9colt\u00e9 et tiss\u00e9 en France dans le respect de l'environnement (\u00e9colabel). Fabriqu\u00e9 en France dans notre atelier Marseillais","breadcrumb":{"@id":"https:\/\/matelotvert.fr\/accessoires\/sacs-cabas\/#breadcrumb"},"inLanguage":"en-GB","potentialAction":[{"@type":"ReadAction","target":["https:\/\/matelotvert.fr\/accessoires\/sacs-cabas\/"]}]},{"@type":"ImageObject","inLanguage":"en-GB","@id":"https:\/\/matelotvert.fr\/accessoires\/sacs-cabas\/#primaryimage","url":"https:\/\/matelotvert.fr\/wp-content\/uploads\/2018\/06\/SACS_CABAS_FRIOUL.jpg","contentUrl":"https:\/\/matelotvert.fr\/wp-content\/uploads\/2018\/06\/SACS_CABAS_FRIOUL.jpg","width":1020,"height":1200},{"@type":"BreadcrumbList","@id":"https:\/\/matelotvert.fr\/accessoires\/sacs-cabas\/#breadcrumb","itemListElement":[{"@type":"ListItem","position":1,"name":"Accueil","item":"https:\/\/matelotvert.fr\/"},{"@type":"ListItem","position":2,"name":"Accessoires","item":"https:\/\/matelotvert.fr\/accessoires\/"},{"@type":"ListItem","position":3,"name":"Sacs Cabas"}]},{"@type":"WebSite","@id":"https:\/\/matelotvert.fr\/#website","url":"https:\/\/matelotvert.fr\/","name":"Matelot Vert","description":"la d\u00e9co made in Marseille","publisher":{"@id":"https:\/\/matelotvert.fr\/#organization"},"potentialAction":[{"@type":"SearchAction","target":{"@type":"EntryPoint","urlTemplate":"https:\/\/matelotvert.fr\/?s={search_term_string}"},"query-input":{"@type":"PropertyValueSpecification","valueRequired":true,"valueName":"search_term_string"}}],"inLanguage":"en-GB"},{"@type":"Organization","@id":"https:\/\/matelotvert.fr\/#organization","name":"Matelot Vert","url":"https:\/\/matelotvert.fr\/","logo":{"@type":"ImageObject","inLanguage":"en-GB","@id":"https:\/\/matelotvert.fr\/#\/schema\/logo\/image\/","url":"https:\/\/matelotvert.fr\/wp-content\/uploads\/2017\/05\/LOGO_MV.png","contentUrl":"https:\/\/matelotvert.fr\/wp-content\/uploads\/2017\/05\/LOGO_MV.png","width":2370,"height":591,"caption":"Matelot Vert"},"image":{"@id":"https:\/\/matelotvert.fr\/#\/schema\/logo\/image\/"},"sameAs":["https:\/\/www.facebook.com\/matelotvert\/","https:\/\/www.instagram.com\/matelotvert\/","https:\/\/www.pinterest.fr\/matelotvert\/"]}]}},"_links":{"self":[{"href":"https:\/\/matelotvert.fr\/en\/wp-json\/wp\/v2\/pages\/1902","targetHints":{"allow":["GET"]}}],"collection":[{"href":"https:\/\/matelotvert.fr\/en\/wp-json\/wp\/v2\/pages"}],"about":[{"href":"https:\/\/matelotvert.fr\/en\/wp-json\/wp\/v2\/types\/page"}],"author":[{"embeddable":true,"href":"https:\/\/matelotvert.fr\/en\/wp-json\/wp\/v2\/users\/1"}],"replies":[{"embeddable":true,"href":"https:\/\/matelotvert.fr\/en\/wp-json\/wp\/v2\/comments?post=1902"}],"version-history":[{"count":5,"href":"https:\/\/matelotvert.fr\/en\/wp-json\/wp\/v2\/pages\/1902\/revisions"}],"predecessor-version":[{"id":1987,"href":"https:\/\/matelotvert.fr\/en\/wp-json\/wp\/v2\/pages\/1902\/revisions\/1987"}],"up":[{"embeddable":true,"href":"https:\/\/matelotvert.fr\/en\/wp-json\/wp\/v2\/pages\/1267"}],"wp:featuredmedia":[{"embeddable":true,"href":"https:\/\/matelotvert.fr\/en\/wp-json\/wp\/v2\/media\/1886"}],"wp:attachment":[{"href":"https:\/\/matelotvert.fr\/en\/wp-json\/wp\/v2\/media?parent=1902"}],"curies":[{"name":"wp","href":"https:\/\/api.w.org\/{rel}","templated":true}]}}