{"id":1142,"date":"2017-09-24T16:49:41","date_gmt":"2017-09-24T14:49:41","guid":{"rendered":"https:\/\/matelotvert.fr\/?page_id=1142"},"modified":"2017-11-13T18:57:18","modified_gmt":"2017-11-13T16:57:18","slug":"about","status":"publish","type":"page","link":"https:\/\/matelotvert.fr\/en\/about\/","title":{"rendered":"about"},"content":{"rendered":"<div class=\"banner has-hover bg-zoom-long is-full-height has-parallax\" id=\"banner-1167439328\">\n          <div class=\"banner-inner fill\">\n        <div class=\"banner-bg fill\" data-parallax=\"-3\" data-parallax-container=\".banner\" data-parallax-background>\n            <img loading=\"lazy\" decoding=\"async\" width=\"1020\" height=\"525\" src=\"https:\/\/matelotvert.fr\/wp-content\/uploads\/2017\/10\/Matelot_Vert_COUPE_TISSUS_901.png\" class=\"bg attachment-large size-large\" alt=\"\" \/>                        <div class=\"overlay\"><\/div>            \n                    <\/div>\n\t\t\n        <div class=\"banner-layers container\">\n            <div class=\"fill banner-link\"><\/div>            \n   <div id=\"text-box-1983973687\" class=\"text-box banner-layer x50 md-x50 lg-x50 y50 md-y95 lg-y50 res-text\">\n                                <div class=\"text-box-content text dark\">\n              \n              <div class=\"text-inner text-left\">\n                  \n<header class=\"entry-header\">\n<h3 style=\"text-align: center;\"><span style=\"color: #d9d2c5;\">Created in 2017, Matelot Vert will decorate your home. <\/span><\/h3>\n<h3 style=\"text-align: center;\"><span style=\"color: #d9d2c5;\">combining authenticity and modernity.<\/span><\/h3>\n<hr \/>\n<h3 class=\"page-heading heading_1\" style=\"text-align: left;\" data-show=\"hide-for-small\"><span style=\"color: #d9d2c5;\"><strong>The birth of Matelot Vert<\/strong><\/span><\/h3>\n<\/header>\n<div class=\"entry-content\">\n<div class=\"wpb_column vc_column_container vc_col-sm-6\">\n<div class=\"vc_column-inner\">\n<div class=\"wpb_wrapper\">\n<div class=\"wpb_text_column wpb_content_element\">\n<div class=\"wpb_wrapper\">\n<p data-show=\"hide-for-small\"><span style=\"color: #d9d2c5;\">With Christmas 2016 approaching, Anne and Brice decide to give meaning to the gifts they will give to their loved ones. They then set about making handmade objects. This is how their first creations can be found at the foot of the Christmas tree.<\/span><\/p>\n<p data-show=\"hide-for-small\"><span style=\"font-size: 100%; color: #d9d2c5;\">They realize that their professional experiences in fashion and industry, combined with modern and easily accessible tools, open up many new perspectives for them. They then embarked on more ambitious creations and their first lights soon hung from their ceilings; they learned new techniques and silk-screen printing was used to decorate freshly sewn 100% linen cushions.<\/span><\/p>\n<p data-show=\"hide-for-small\"><span style=\"font-size: 100%; color: #d9d2c5;\">The couple's friends and families are seduced and quickly place the first orders. Anne and Brice then decide to create their own online shop.<\/span><\/p>\n<p data-show=\"hide-for-small\"><span style=\"color: #d9d2c5;\">One of the many nicknames given to Anne in her childhood comes naturally to their minds \"Matelot Vert\" (green sailor) was born.<\/span><\/p>\n<p data-show=\"hide-for-small\"><span style=\"font-size: 100%; color: #d9d2c5;\">Being ethical and responsible, Matelot Vert strives to choose quality materials from French SMEs as much as possible.<\/span><\/p>\n<header class=\"entry-header\">\n<h3 class=\"page-heading heading_1\" style=\"text-align: center;\" data-show=\"show-for-small\"><span style=\"color: #d9d2c5;\"><strong>La naissance de <\/strong><\/span><\/h3>\n<h3 class=\"page-heading heading_1\" style=\"text-align: center;\" data-show=\"show-for-small\"><span style=\"color: #d9d2c5;\"><strong>Matelot Vert<\/strong><\/span><\/h3>\n<\/header>\n<div class=\"entry-content\">\n<div class=\"wpb_column vc_column_container vc_col-sm-6\">\n<div class=\"vc_column-inner\">\n<div class=\"wpb_wrapper\">\n<div class=\"wpb_text_column wpb_content_element\">\n<div class=\"wpb_wrapper\">\n<p style=\"text-align: left;\" data-show=\"show-for-small\"><span style=\"font-size: 120%; color: #d9d2c5;\">With Christmas 2016 approaching, Anne and Brice decide to give meaning to the gifts they will give to their loved ones. They then set about making handmade objects. This is how their first creations can be found at the foot of the Christmas tree.<\/span><\/p>\n<p style=\"text-align: left;\" data-show=\"show-for-small\"><span style=\"font-size: 120%; color: #d9d2c5;\">They realize that their professional experiences in fashion and industry, combined with modern and easily accessible tools, open up many new perspectives for them. They then embarked on more ambitious creations and their first lights soon hung from their ceilings; they learned new techniques and silk-screen printing was used to decorate freshly sewn 100% linen cushions.<\/span><\/p>\n<p style=\"text-align: left;\" data-show=\"show-for-small\"><span style=\"font-size: 120%; color: #d9d2c5;\">The couple's friends and families are seduced and quickly place the first orders. Anne and Brice then decide to create their own online shop.<\/span><\/p>\n<p style=\"text-align: left;\" data-show=\"show-for-small\"><span style=\"font-size: 120%; color: #d9d2c5;\">One of the many nicknames given to Anne in her childhood comes naturally to their minds \"Matelot Vert\" (green sailor) was born.<\/span><\/p>\n<p style=\"text-align: left;\" data-show=\"show-for-small\"><span style=\"font-size: 120%; color: #d9d2c5;\">Being ethical and responsible, Matelot Vert strives to choose quality materials from French SMEs as much as possible.<\/span><\/p>\n<\/div>\n<\/div>\n<\/div>\n<\/div>\n<\/div>\n<\/div>\n<p data-show=\"show-for-small\">\u00a0<\/p>\n<\/div>\n<\/div>\n<\/div>\n<\/div>\n<\/div>\n<\/div>\n              <\/div>\n           <\/div>\n                            \n<style>\n#text-box-1983973687 {\n  width: 94%;\n}\n#text-box-1983973687 .text-box-content {\n  font-size: 100%;\n}\n@media (min-width:850px) {\n  #text-box-1983973687 {\n    width: 90%;\n  }\n}\n<\/style>\n    <\/div>\n \n        <\/div>\n      <\/div>\n\n            \n<style>\n#banner-1167439328 {\n  padding-top: 100%;\n}\n#banner-1167439328 .overlay {\n  background-color: rgba(0, 0, 0, 0.49);\n}\n#banner-1167439328 .banner-bg img {\n  object-position: 32% 36%;\n}\n@media (min-width:550px) {\n  #banner-1167439328 {\n    padding-top: 100%;\n  }\n}\n<\/style>\n  <\/div>\n\n\n\n  <div class=\"banner has-hover is-full-height has-parallax\" id=\"banner-392591853\">\n          <div class=\"banner-inner fill\">\n        <div class=\"banner-bg fill\" data-parallax=\"-3\" data-parallax-container=\".banner\" data-parallax-background>\n            <img loading=\"lazy\" decoding=\"async\" width=\"1020\" height=\"765\" src=\"https:\/\/matelotvert.fr\/wp-content\/uploads\/2017\/10\/Matelot_Vert_CAO-1067x800.jpg\" class=\"bg attachment-large size-large\" alt=\"\" \/>                                    \n                    <\/div>\n\t\t\n        <div class=\"banner-layers container\">\n            <div class=\"fill banner-link\"><\/div>            \n   <div id=\"text-box-1411042895\" class=\"text-box banner-layer x50 md-x10 lg-x50 y5 md-y5 lg-y10 res-text\">\n                                <div class=\"text-box-content text dark\">\n              \n              <div class=\"text-inner text-center\">\n                  \n<h3><span style=\"font-size: 110%;\"><strong><span style=\"color: #d9d2c5;\">Design of the Brehat table lamp<\/span><\/strong><\/span><\/h3>\n              <\/div>\n           <\/div>\n                            \n<style>\n#text-box-1411042895 {\n  width: 77%;\n}\n#text-box-1411042895 .text-box-content {\n  font-size: 100%;\n}\n@media (min-width:550px) {\n  #text-box-1411042895 {\n    width: 75%;\n  }\n}\n@media (min-width:850px) {\n  #text-box-1411042895 {\n    width: 84%;\n  }\n}\n<\/style>\n    <\/div>\n \n        <\/div>\n      <\/div>\n\n            \n<style>\n#banner-392591853 {\n  padding-top: 56.25%;\n  background-color: rgba(0, 0, 0, 0.65);\n}\n#banner-392591853 .banner-bg img {\n  object-position: 77% 0%;\n}\n@media (min-width:850px) {\n  #banner-392591853 {\n    padding-top: 100%;\n  }\n}\n<\/style>\n  <\/div>\n\n\n\n  <div class=\"banner has-hover is-full-height has-parallax\" id=\"banner-203928810\">\n          <div class=\"banner-inner fill\">\n        <div class=\"banner-bg fill\" data-parallax=\"-4\" data-parallax-container=\".banner\" data-parallax-background>\n            <img loading=\"lazy\" decoding=\"async\" width=\"1020\" height=\"765\" src=\"https:\/\/matelotvert.fr\/wp-content\/uploads\/2017\/10\/Matelot_Vert_surjetage-1067x800.jpg\" class=\"bg attachment-large size-large\" alt=\"\" \/>                                    \n                    <\/div>\n\t\t\n        <div class=\"banner-layers container\">\n            <div class=\"fill banner-link\"><\/div>            \n   <div id=\"text-box-1482043469\" class=\"text-box banner-layer x50 md-x100 lg-x95 y80 md-y90 lg-y80 res-text\">\n                                <div class=\"text-box-content text dark\">\n              \n              <div class=\"text-inner text-center\">\n                  \n<h3><span style=\"color: #00afaa; font-size: 110%;\"><strong>Overlocking of 100% linen cushions<\/strong><\/span><\/h3>\n              <\/div>\n           <\/div>\n                            \n<style>\n#text-box-1482043469 {\n  width: 70%;\n}\n#text-box-1482043469 .text-box-content {\n  font-size: 100%;\n}\n@media (min-width:550px) {\n  #text-box-1482043469 {\n    width: 73%;\n  }\n}\n@media (min-width:850px) {\n  #text-box-1482043469 {\n    width: 51%;\n  }\n}\n<\/style>\n    <\/div>\n \n        <\/div>\n      <\/div>\n\n            \n<style>\n#banner-203928810 {\n  padding-top: 56.25%;\n}\n#banner-203928810 .banner-bg img {\n  object-position: 25% 0%;\n}\n@media (min-width:850px) {\n  #banner-203928810 {\n    padding-top: 100%;\n  }\n}\n<\/style>\n  <\/div>\n\n\n\n  <div class=\"banner has-hover has-parallax\" id=\"banner-1356453348\">\n          <div class=\"banner-inner fill\">\n        <div class=\"banner-bg fill\" data-parallax=\"-5\" data-parallax-container=\".banner\" data-parallax-background>\n            <img loading=\"lazy\" decoding=\"async\" width=\"1020\" height=\"765\" src=\"https:\/\/matelotvert.fr\/wp-content\/uploads\/2017\/10\/IMG_0826-1067x800.jpg\" class=\"bg attachment-large size-large\" alt=\"\" \/>                        <div class=\"overlay\"><\/div>            \n                    <\/div>\n\t\t\n        <div class=\"banner-layers container\">\n            <div class=\"fill banner-link\"><\/div>            \n   <div id=\"text-box-1191619769\" class=\"text-box banner-layer x50 md-x100 lg-x100 y15 md-y20 lg-y20 res-text\">\n                                <div class=\"text-box-content text dark\">\n              \n              <div class=\"text-inner text-center\">\n                  \n<h3><span style=\"font-size: 110%; color: #d9d2c5;\"><strong>Laser cutting of Ouessant wall lights<\/strong><\/span><\/h3>\n              <\/div>\n           <\/div>\n                            \n<style>\n#text-box-1191619769 {\n  width: 79%;\n}\n#text-box-1191619769 .text-box-content {\n  font-size: 100%;\n}\n@media (min-width:550px) {\n  #text-box-1191619769 {\n    width: 47%;\n  }\n}\n@media (min-width:850px) {\n  #text-box-1191619769 {\n    width: 40%;\n  }\n}\n<\/style>\n    <\/div>\n \n        <\/div>\n      <\/div>\n\n            \n<style>\n#banner-1356453348 {\n  padding-top: 56.25%;\n}\n#banner-1356453348 .overlay {\n  background-color: rgba(0, 0, 0, 0.2);\n}\n@media (min-width:850px) {\n  #banner-1356453348 {\n    padding-top: 56.25%;\n  }\n}\n<\/style>\n  <\/div>","protected":false},"excerpt":{"rendered":"","protected":false},"author":1,"featured_media":0,"parent":0,"menu_order":0,"comment_status":"closed","ping_status":"closed","template":"","meta":{"footnotes":""},"class_list":["post-1142","page","type-page","status-publish","hentry"],"yoast_head":"<!-- This site is optimized with the Yoast SEO plugin v26.4 - https:\/\/yoast.com\/wordpress\/plugins\/seo\/ -->\n<title>L&#039;histoire de Matelot Vert<\/title>\n<meta name=\"description\" content=\"Cr\u00e9e en 2017, Matelot Vert d\u00e9core votre int\u00e9rieur en alliant authenticit\u00e9 et modernit\u00e9.\" \/>\n<meta name=\"robots\" content=\"noindex, nofollow\" \/>\n<meta property=\"og:locale\" content=\"en_GB\" \/>\n<meta property=\"og:type\" content=\"article\" \/>\n<meta property=\"og:title\" content=\"L&#039;histoire de Matelot Vert\" \/>\n<meta property=\"og:description\" content=\"Cr\u00e9e en 2017, Matelot Vert d\u00e9core votre int\u00e9rieur en alliant authenticit\u00e9 et modernit\u00e9.\" \/>\n<meta property=\"og:url\" content=\"https:\/\/matelotvert.fr\/en\/about\/\" \/>\n<meta property=\"og:site_name\" content=\"Matelot Vert\" \/>\n<meta property=\"article:publisher\" content=\"https:\/\/www.facebook.com\/matelotvert\/\" \/>\n<meta property=\"article:modified_time\" content=\"2017-11-13T16:57:18+00:00\" \/>\n<meta name=\"twitter:card\" content=\"summary_large_image\" \/>\n<meta name=\"twitter:label1\" content=\"Estimated reading time\" \/>\n\t<meta name=\"twitter:data1\" content=\"3 minutes\" \/>\n<script type=\"application\/ld+json\" class=\"yoast-schema-graph\">{\"@context\":\"https:\/\/schema.org\",\"@graph\":[{\"@type\":\"WebPage\",\"@id\":\"https:\/\/matelotvert.fr\/about\/\",\"url\":\"https:\/\/matelotvert.fr\/about\/\",\"name\":\"L'histoire de Matelot Vert\",\"isPartOf\":{\"@id\":\"https:\/\/matelotvert.fr\/#website\"},\"datePublished\":\"2017-09-24T14:49:41+00:00\",\"dateModified\":\"2017-11-13T16:57:18+00:00\",\"description\":\"Cr\u00e9e en 2017, Matelot Vert d\u00e9core votre int\u00e9rieur en alliant authenticit\u00e9 et modernit\u00e9.\",\"breadcrumb\":{\"@id\":\"https:\/\/matelotvert.fr\/about\/#breadcrumb\"},\"inLanguage\":\"en-GB\",\"potentialAction\":[{\"@type\":\"ReadAction\",\"target\":[\"https:\/\/matelotvert.fr\/about\/\"]}]},{\"@type\":\"BreadcrumbList\",\"@id\":\"https:\/\/matelotvert.fr\/about\/#breadcrumb\",\"itemListElement\":[{\"@type\":\"ListItem\",\"position\":1,\"name\":\"Accueil\",\"item\":\"https:\/\/matelotvert.fr\/\"},{\"@type\":\"ListItem\",\"position\":2,\"name\":\"about\"}]},{\"@type\":\"WebSite\",\"@id\":\"https:\/\/matelotvert.fr\/#website\",\"url\":\"https:\/\/matelotvert.fr\/\",\"name\":\"Matelot Vert\",\"description\":\"la d\u00e9co made in Marseille\",\"publisher\":{\"@id\":\"https:\/\/matelotvert.fr\/#organization\"},\"potentialAction\":[{\"@type\":\"SearchAction\",\"target\":{\"@type\":\"EntryPoint\",\"urlTemplate\":\"https:\/\/matelotvert.fr\/?s={search_term_string}\"},\"query-input\":{\"@type\":\"PropertyValueSpecification\",\"valueRequired\":true,\"valueName\":\"search_term_string\"}}],\"inLanguage\":\"en-GB\"},{\"@type\":\"Organization\",\"@id\":\"https:\/\/matelotvert.fr\/#organization\",\"name\":\"Matelot Vert\",\"url\":\"https:\/\/matelotvert.fr\/\",\"logo\":{\"@type\":\"ImageObject\",\"inLanguage\":\"en-GB\",\"@id\":\"https:\/\/matelotvert.fr\/#\/schema\/logo\/image\/\",\"url\":\"https:\/\/matelotvert.fr\/wp-content\/uploads\/2017\/05\/LOGO_MV.png\",\"contentUrl\":\"https:\/\/matelotvert.fr\/wp-content\/uploads\/2017\/05\/LOGO_MV.png\",\"width\":2370,\"height\":591,\"caption\":\"Matelot Vert\"},\"image\":{\"@id\":\"https:\/\/matelotvert.fr\/#\/schema\/logo\/image\/\"},\"sameAs\":[\"https:\/\/www.facebook.com\/matelotvert\/\",\"https:\/\/www.instagram.com\/matelotvert\/\",\"https:\/\/www.pinterest.fr\/matelotvert\/\"]}]}<\/script>\n<!-- \/ Yoast SEO plugin. -->","yoast_head_json":{"title":"L'histoire de Matelot Vert","description":"Cr\u00e9e en 2017, Matelot Vert d\u00e9core votre int\u00e9rieur en alliant authenticit\u00e9 et modernit\u00e9.","robots":{"index":"noindex","follow":"nofollow"},"og_locale":"en_GB","og_type":"article","og_title":"L'histoire de Matelot Vert","og_description":"Cr\u00e9e en 2017, Matelot Vert d\u00e9core votre int\u00e9rieur en alliant authenticit\u00e9 et modernit\u00e9.","og_url":"https:\/\/matelotvert.fr\/en\/about\/","og_site_name":"Matelot Vert","article_publisher":"https:\/\/www.facebook.com\/matelotvert\/","article_modified_time":"2017-11-13T16:57:18+00:00","twitter_card":"summary_large_image","twitter_misc":{"Estimated reading time":"3 minutes"},"schema":{"@context":"https:\/\/schema.org","@graph":[{"@type":"WebPage","@id":"https:\/\/matelotvert.fr\/about\/","url":"https:\/\/matelotvert.fr\/about\/","name":"L'histoire de Matelot Vert","isPartOf":{"@id":"https:\/\/matelotvert.fr\/#website"},"datePublished":"2017-09-24T14:49:41+00:00","dateModified":"2017-11-13T16:57:18+00:00","description":"Cr\u00e9e en 2017, Matelot Vert d\u00e9core votre int\u00e9rieur en alliant authenticit\u00e9 et modernit\u00e9.","breadcrumb":{"@id":"https:\/\/matelotvert.fr\/about\/#breadcrumb"},"inLanguage":"en-GB","potentialAction":[{"@type":"ReadAction","target":["https:\/\/matelotvert.fr\/about\/"]}]},{"@type":"BreadcrumbList","@id":"https:\/\/matelotvert.fr\/about\/#breadcrumb","itemListElement":[{"@type":"ListItem","position":1,"name":"Accueil","item":"https:\/\/matelotvert.fr\/"},{"@type":"ListItem","position":2,"name":"about"}]},{"@type":"WebSite","@id":"https:\/\/matelotvert.fr\/#website","url":"https:\/\/matelotvert.fr\/","name":"Matelot Vert","description":"la d\u00e9co made in Marseille","publisher":{"@id":"https:\/\/matelotvert.fr\/#organization"},"potentialAction":[{"@type":"SearchAction","target":{"@type":"EntryPoint","urlTemplate":"https:\/\/matelotvert.fr\/?s={search_term_string}"},"query-input":{"@type":"PropertyValueSpecification","valueRequired":true,"valueName":"search_term_string"}}],"inLanguage":"en-GB"},{"@type":"Organization","@id":"https:\/\/matelotvert.fr\/#organization","name":"Matelot Vert","url":"https:\/\/matelotvert.fr\/","logo":{"@type":"ImageObject","inLanguage":"en-GB","@id":"https:\/\/matelotvert.fr\/#\/schema\/logo\/image\/","url":"https:\/\/matelotvert.fr\/wp-content\/uploads\/2017\/05\/LOGO_MV.png","contentUrl":"https:\/\/matelotvert.fr\/wp-content\/uploads\/2017\/05\/LOGO_MV.png","width":2370,"height":591,"caption":"Matelot Vert"},"image":{"@id":"https:\/\/matelotvert.fr\/#\/schema\/logo\/image\/"},"sameAs":["https:\/\/www.facebook.com\/matelotvert\/","https:\/\/www.instagram.com\/matelotvert\/","https:\/\/www.pinterest.fr\/matelotvert\/"]}]}},"_links":{"self":[{"href":"https:\/\/matelotvert.fr\/en\/wp-json\/wp\/v2\/pages\/1142","targetHints":{"allow":["GET"]}}],"collection":[{"href":"https:\/\/matelotvert.fr\/en\/wp-json\/wp\/v2\/pages"}],"about":[{"href":"https:\/\/matelotvert.fr\/en\/wp-json\/wp\/v2\/types\/page"}],"author":[{"embeddable":true,"href":"https:\/\/matelotvert.fr\/en\/wp-json\/wp\/v2\/users\/1"}],"replies":[{"embeddable":true,"href":"https:\/\/matelotvert.fr\/en\/wp-json\/wp\/v2\/comments?post=1142"}],"version-history":[{"count":29,"href":"https:\/\/matelotvert.fr\/en\/wp-json\/wp\/v2\/pages\/1142\/revisions"}],"predecessor-version":[{"id":1627,"href":"https:\/\/matelotvert.fr\/en\/wp-json\/wp\/v2\/pages\/1142\/revisions\/1627"}],"wp:attachment":[{"href":"https:\/\/matelotvert.fr\/en\/wp-json\/wp\/v2\/media?parent=1142"}],"curies":[{"name":"wp","href":"https:\/\/api.w.org\/{rel}","templated":true}]}}